{"id":4466,"date":"2023-04-20T08:40:02","date_gmt":"2023-04-20T06:40:02","guid":{"rendered":"https:\/\/villa-santanna.eu\/privacy-policy-referti-online\/"},"modified":"2023-05-10T08:52:52","modified_gmt":"2023-05-10T06:52:52","slug":"datenschutz-befunde-online","status":"publish","type":"page","link":"https:\/\/villa-santanna.eu\/de\/datenschutz-befunde-online\/","title":{"rendered":"Datenschutz &#8222;Befunde online&#8220;"},"content":{"rendered":"<h2>Informationen \u00fcber die Verarbeitung personenbezogener Daten gem\u00e4\u00df Art. 13 und 14 der Verordnung (EU) 2016\/679<\/h2>\n<h3>Betroffene Personen: Nutzer von Online-Befunde<\/h3>\n<p>Die Privatklinik St. Anna GmbH, in seiner Eigenschaft als Verantwortlicher der Verarbeitung Ihrer personenbezogenen Daten gem\u00e4\u00df und f\u00fcr die Zwecke der Verordnung (EU) 2016\/679 (im Folgenden &#8222;GDPR&#8220;) informiert Sie hiermit dar\u00fcber, dass die oben genannten Rechtsvorschriften den Schutz der betroffenen Personen bei der Verarbeitung ihrer personenbezogenen Daten vorsehen und dass diese Verarbeitung auf den Grunds\u00e4tzen der Korrektheit, Rechtm\u00e4\u00dfigkeit, Transparenz und des Schutzes Ihrer Privatsph\u00e4re und Ihrer Rechte beruht.<\/p>\n<p>Ihre personenbezogenen Daten werden gem\u00e4\u00df den gesetzlichen Bestimmungen der oben genannten Rechtsvorschriften und den darin enthaltenen Geheimhaltungsverpflichtungen verarbeitet.<\/p>\n<p>F\u00fcr die Zwecke der oben genannten Verarbeitung kann der Verantwortlicher der Datenverarbeitung Kenntnis von besonderen Kategorien personenbezogener Daten erlangen, und zwar im Einzelnen: Befunde \u00fcber durchgef\u00fchrte Laboruntersuchungen (Gesundheitsdaten, genetische Daten Art. 9 GDPR). Die Verarbeitung personenbezogener Daten besonderen Kategorien erfolgt in \u00dcbereinstimmung mit Artikel 9 GDPR.<\/p>\n<p>Ihre personenbezogenen Daten k\u00f6nnen mit Ihrer Zustimmung auch f\u00fcr die folgenden Zwecke verwendet werden:<\/p>\n<ul>\n<li>Registrierung auf dem Portal, um Zugang zum Online-Befund zu erhalten.<\/li>\n<li>Wird die Zustimmung nicht erteilt, kann der Verantwortlicher der Datenverarbeitung den Befund \u00fcber das Portal nicht zur Verf\u00fcgung stellen.<\/li>\n<li>Der Nachweis der Einwilligung erfolgt durch das Setzen des H\u00e4kchens, ohne das der Befund nicht aus dem Verwaltungssystem abgerufen und Ihnen online zur Verf\u00fcgung gestellt werden kann.<\/li>\n<\/ul>\n<p>Die Bereitstellung der Daten ist f\u00fcr Sie im Hinblick auf die oben genannten Zwecke fakultativ, und Ihre Weigerung, diese Daten bereitzustellen, hat keinen Einfluss auf die Fortsetzung der Beziehung oder die Angemessenheit der Verarbeitung.<\/p>\n<p>Art der Verarbeitung.<\/p>\n<p>Ihre personenbezogenen Daten k\u00f6nnen wie folgt verarbeitet werden:<\/p>\n<ul>\n<li>Datenerhebung mit elektronischen oder telematischen Mitteln;<\/li>\n<li>Verarbeitung mit Hilfe elektronischer Instrumente.<\/li>\n<\/ul>\n<p>Die gesamte Verarbeitung erfolgt unter Einhaltung der in den Artikeln 6 und 32 GDPR festgelegten Verfahren und unter Anwendung geeigneter Sicherheitsma\u00dfnahmen.<\/p>\n<p>Ihre Daten werden nur von Personen verarbeitet, die vom Verantwortlichen der Datenverarbeitung ausdr\u00fccklich dazu erm\u00e4chtigt wurden, und insbesondere von den folgenden Kategorien von Mitarbeitern:<\/p>\n<ul>\n<li>Gesch\u00e4ftsleitung;<\/li>\n<li>Internes Personal f\u00fcr die Verwaltung des Webportals.<\/li>\n<\/ul>\n<p>Weiterleitung: Ihre Daten k\u00f6nnen zum Zweck der ordnungsgem\u00e4\u00dfen Verwaltung der Gesch\u00e4ftsbeziehung an Dritte weitergeleitet werden, insbesondere an die folgenden Kategorien von Empf\u00e4ngern, einschlie\u00dflich derer, die mit der Datenverarbeitung beauftragt wurden:<\/p>\n<ul>\n<li>Mit der Wartung und Pflege der Informatiksysteme beauftragte Gesellschaften.<\/li>\n<\/ul>\n<p>Verbreitung: Ihre personenbezogenen Daten werden in keiner Weise verbreitet.<\/p>\n<p>Aufbewahrungsfrist.<\/p>\n<p>Wir m\u00f6chten Sie dar\u00fcber informieren, dass gem\u00e4\u00df den Grunds\u00e4tzen der Rechtm\u00e4\u00dfigkeit, der Zweckbindung und der Datenminimierung nach Artikel 5 GDPR die Aufbewahrungsfrist Ihrer personenbezogenen Daten wie folgt ist:<\/p>\n<ul>\n<li>Die Daten werden nicht l\u00e4nger gespeichert, als es f\u00fcr die Erreichung der Zwecke, f\u00fcr die sie erhoben wurden, und f\u00fcr die Durchf\u00fchrung und Erf\u00fcllung vertraglicher Zwecke erforderlich ist;<\/li>\n<li>Sie wird f\u00fcr einen Zeitraum festgelegt, der die Dauer der erbrachten Dienstleistungen nicht \u00fcberschreitet.<\/li>\n<\/ul>\n<p>Verantwortlicher der Datenverarbeitung: Der Verantwortliche der Datenverarbeitung im Sinne des Gesetzes ist die Privatklinik St. Anna GmbH, St.-Nr. 01272510213, Cavour-Str. 58 \u2013 39012 Meran (BZ); Kontaktdaten: E-Mail: clinica@villa-santanna.eu) in der Person des gesetzlichen Vertreters pro tempore.<\/p>\n<p>&nbsp;<\/p>\n<p>Der vom Verantwortlichen gem\u00e4\u00df Art. 37 DSGVO bestellte Datenschutzbeauftragte (DSB) ist:<\/p>\n<ul>\n<li><strong>Kontaktdaten<\/strong><strong>\u00a0<\/strong><strong>des<\/strong><strong>\u00a0<\/strong><strong>Datenschutzbeauftragten<\/strong><strong> (DPO)<\/strong><\/li>\n<li>Renorm G.m.b.H. \u2013 renorm@legalmai.it<\/li>\n<\/ul>\n<p>Sie haben das Recht, vom Verantwortlichen der Datenverarbeitung die L\u00f6schung (Recht auf Vergessenwerden), die Einschr\u00e4nkung, die Aktualisierung, die Berichtigung, die \u00dcbertragbarkeit, den Widerspruch gegen die Verarbeitung Sie betreffender personenbezogener Daten zu verlangen, sowie generell alle in den Artikeln 15, 16, 17, 18, 19, 20, 21 und 22 der DSGVO vorgesehenen Rechte auszu\u00fcben.<\/p>\n<h3>Verordnung (EU) 2016\/679: Art. 15, 16, 17, 18, 19, 20, 21, 22 &#8211; Rechte der betroffenen Person<\/h3>\n<ol>\n<li>Die betroffene Person hat das Recht, Auskunft dar\u00fcber zu erhalten, ob Daten vorhanden sind, die sie betreffen, auch dann, wenn diese noch nicht gespeichert sind; sie hat ferner das Recht, dass ihr diese Daten in verst\u00e4ndlicher Form \u00fcbermittelt werden; sie hat ferner das Recht, sich mit einer Beschwerde an die Kontrollbeh\u00f6rde zu wenden.<\/li>\n<li>Die betroffene Person hat das Recht auf Auskunft \u00fcber:<\/li>\n<\/ol>\n<ul>\n<li>Die Herkunft der personenbezogenen Daten;<\/li>\n<li>Den Zweck und die Modalit\u00e4ten der Verarbeitung;<\/li>\n<li>Das angewandte System, falls die Daten elektronisch verarbeitet werden;<\/li>\n<li>Die wichtigsten Daten zur Identifizierung des Rechtsinhabers, der Verantwortlichen und des im Sinne von Artikel 5 Absatz 2 namhaft gemachten Vertreters;<\/li>\n<li>Die Personen oder Kategorien von Personen, denen die personenbezogenen Daten \u00fcbermittelt werden k\u00f6nnen oder die als im Staatsgebiet namhaft gemachte Vertreter, als Verantwortliche oder als Beauftragte davon Kenntnis erlangen k\u00f6nnen.<\/li>\n<\/ul>\n<ol start=\"3\">\n<li>Die betroffene Person hat das Recht:<\/li>\n<\/ol>\n<ul>\n<li>Die Aktualisierung, die Berichtigung oder, sofern interessiert, die Erg\u00e4nzung der Daten zu verlangen;<\/li>\n<li>Zu verlangen, dass widerrechtlich verarbeitete Daten gel\u00f6scht, anonymisiert oder gesperrt werden; dies gilt auch f\u00fcr Daten, deren Aufbewahrung f\u00fcr die Zwecke, f\u00fcr die sie erhoben oder sp\u00e4ter verarbeitet wurden, nicht erforderlich ist;<\/li>\n<li>Eine Best\u00e4tigung dar\u00fcber zu erhalten, dass die unter den Buchstaben a) und b) angegebenen Vorg\u00e4nge, auch was ihren Inhalt betrifft, jenen mitgeteilt wurden, denen die Daten \u00fcbermittelt oder bei denen sie verbreitet wurden, sofern sich dies nicht als unm\u00f6glich erweist oder der Aufwand an Mitteln im Verh\u00e4ltnis zum gesch\u00fctzten Recht unvertretbar gro\u00df w\u00e4re;<\/li>\n<li>Auf die \u00dcbertragbarkeit der Daten.<\/li>\n<\/ul>\n<ol start=\"4\">\n<li>Die betroffene Person hat das Recht, sich ganz oder teilweise:<\/li>\n<\/ol>\n<ul>\n<li>Der Verarbeitung personenbezogener Daten, die sie betreffen, aus legitimen Gr\u00fcnden zu widersetzen, auch wenn diese Daten dem Zweck der Sammlung entsprechen;<\/li>\n<li>Der Verarbeitung personenbezogener Daten die sie betreffen, zu widersetzen, wenn diese Verarbeitung zum Zwecke des Versands von Werbematerial oder des Direktverkaufs, zur Markt- oder Meinungsforschung oder zur Handelsinformation erfolgt.<\/li>\n<\/ul>\n<p>&nbsp;<\/p>\n","protected":false},"excerpt":{"rendered":"<p>Informationen \u00fcber die Verarbeitung personenbezogener Daten gem\u00e4\u00df Art. 13 und 14 der Verordnung (EU) 2016\/679 Betroffene Personen: Nutzer von Online-Befunde Die Privatklinik St. Anna GmbH, in seiner Eigenschaft als Verantwortlicher der Verarbeitung&#8230;<\/p>\n","protected":false},"author":8,"featured_media":0,"parent":0,"menu_order":0,"comment_status":"closed","ping_status":"closed","template":"","meta":{"_acf_changed":false,"footnotes":""},"class_list":["post-4466","page","type-page","status-publish"],"acf":[],"_links":{"self":[{"href":"https:\/\/villa-santanna.eu\/de\/wp-json\/wp\/v2\/pages\/4466","targetHints":{"allow":["GET"]}}],"collection":[{"href":"https:\/\/villa-santanna.eu\/de\/wp-json\/wp\/v2\/pages"}],"about":[{"href":"https:\/\/villa-santanna.eu\/de\/wp-json\/wp\/v2\/types\/page"}],"author":[{"embeddable":true,"href":"https:\/\/villa-santanna.eu\/de\/wp-json\/wp\/v2\/users\/8"}],"replies":[{"embeddable":true,"href":"https:\/\/villa-santanna.eu\/de\/wp-json\/wp\/v2\/comments?post=4466"}],"version-history":[{"count":0,"href":"https:\/\/villa-santanna.eu\/de\/wp-json\/wp\/v2\/pages\/4466\/revisions"}],"wp:attachment":[{"href":"https:\/\/villa-santanna.eu\/de\/wp-json\/wp\/v2\/media?parent=4466"}],"curies":[{"name":"wp","href":"https:\/\/api.w.org\/{rel}","templated":true}]}}