{"id":1949,"date":"2019-07-17T16:59:04","date_gmt":"2019-07-17T14:59:04","guid":{"rendered":"https:\/\/villa-santanna.eu\/prenotazione-visite-e-esami\/"},"modified":"2024-08-26T11:46:32","modified_gmt":"2024-08-26T09:46:32","slug":"vormerkung-von-visiten-oder-untersuchungen","status":"publish","type":"page","link":"https:\/\/villa-santanna.eu\/de\/vormerkung-von-visiten-oder-untersuchungen\/","title":{"rendered":"Vormerkung von Visiten oder Untersuchungen"},"content":{"rendered":"[vc_row type=&#8220;full_width_background&#8220; full_screen_row_position=&#8220;middle&#8220; column_margin=&#8220;default&#8220; column_direction=&#8220;default&#8220; column_direction_tablet=&#8220;default&#8220; column_direction_phone=&#8220;default&#8220; bg_image=&#8220;1092&#8243; bg_position=&#8220;center center&#8220; background_image_loading=&#8220;default&#8220; bg_repeat=&#8220;no-repeat&#8220; scene_position=&#8220;center&#8220; top_padding=&#8220;10%&#8220; bottom_padding=&#8220;7%&#8220; text_color=&#8220;light&#8220; text_align=&#8220;left&#8220; row_border_radius=&#8220;none&#8220; row_border_radius_applies=&#8220;bg&#8220; overflow=&#8220;visible&#8220; id=&#8220;top&#8220; overlay_strength=&#8220;0.3&#8243; gradient_direction=&#8220;left_to_right&#8220; enable_shape_divider=&#8220;true&#8220; shape_divider_color=&#8220;#ffffff&#8220; shape_divider_position=&#8220;bottom&#8220; shape_divider_height=&#8220;150&#8243; shape_divider_bring_to_front=&#8220;true&#8220; bg_image_animation=&#8220;none&#8220; shape_type=&#8220;tilt_alt&#8220;][vc_column column_padding=&#8220;no-extra-padding&#8220; column_padding_tablet=&#8220;inherit&#8220; column_padding_phone=&#8220;inherit&#8220; column_padding_position=&#8220;all&#8220; column_element_direction_desktop=&#8220;default&#8220; column_element_spacing=&#8220;default&#8220; desktop_text_alignment=&#8220;default&#8220; tablet_text_alignment=&#8220;default&#8220; phone_text_alignment=&#8220;default&#8220; background_color_opacity=&#8220;1&#8243; background_hover_color_opacity=&#8220;1&#8243; column_backdrop_filter=&#8220;none&#8220; column_shadow=&#8220;none&#8220; column_border_radius=&#8220;none&#8220; column_link_target=&#8220;_self&#8220; column_position=&#8220;default&#8220; gradient_direction=&#8220;left_to_right&#8220; overlay_strength=&#8220;0.3&#8243; width=&#8220;1\/2&#8243; tablet_width_inherit=&#8220;default&#8220; animation_type=&#8220;default&#8220; bg_image_animation=&#8220;none&#8220; border_type=&#8220;simple&#8220; column_border_width=&#8220;none&#8220; column_border_style=&#8220;solid&#8220;][split_line_heading animation_type=&#8220;default&#8220;]\n<h1>Wie kann man eine Visite<\/h1>\n<h1>oder Untersuchung vormerken?<\/h1>\n[\/split_line_heading][\/vc_column][vc_column column_padding=&#8220;no-extra-padding&#8220; column_padding_tablet=&#8220;inherit&#8220; column_padding_phone=&#8220;inherit&#8220; column_padding_position=&#8220;all&#8220; column_element_direction_desktop=&#8220;default&#8220; column_element_spacing=&#8220;default&#8220; desktop_text_alignment=&#8220;default&#8220; tablet_text_alignment=&#8220;default&#8220; phone_text_alignment=&#8220;default&#8220; background_color_opacity=&#8220;1&#8243; background_hover_color_opacity=&#8220;1&#8243; column_backdrop_filter=&#8220;none&#8220; column_shadow=&#8220;none&#8220; column_border_radius=&#8220;none&#8220; column_link_target=&#8220;_self&#8220; column_position=&#8220;default&#8220; gradient_direction=&#8220;left_to_right&#8220; overlay_strength=&#8220;0.3&#8243; width=&#8220;1\/2&#8243; tablet_width_inherit=&#8220;default&#8220; animation_type=&#8220;default&#8220; bg_image_animation=&#8220;none&#8220; border_type=&#8220;simple&#8220; column_border_width=&#8220;none&#8220; column_border_style=&#8220;solid&#8220;][\/vc_column][\/vc_row][vc_row type=&#8220;in_container&#8220; full_screen_row_position=&#8220;middle&#8220; column_margin=&#8220;default&#8220; equal_height=&#8220;yes&#8220; content_placement=&#8220;middle&#8220; column_direction=&#8220;default&#8220; column_direction_tablet=&#8220;default&#8220; column_direction_phone=&#8220;default&#8220; scene_position=&#8220;center&#8220; top_padding=&#8220;3%&#8220; bottom_padding=&#8220;5%&#8220; text_color=&#8220;dark&#8220; text_align=&#8220;left&#8220; row_border_radius=&#8220;none&#8220; row_border_radius_applies=&#8220;bg&#8220; overflow=&#8220;visible&#8220; overlay_strength=&#8220;0.3&#8243; gradient_direction=&#8220;left_to_right&#8220; shape_divider_position=&#8220;bottom&#8220; bg_image_animation=&#8220;none&#8220; shape_type=&#8220;&#8220;][vc_column column_padding=&#8220;padding-5-percent&#8220; column_padding_tablet=&#8220;inherit&#8220; column_padding_phone=&#8220;inherit&#8220; column_padding_position=&#8220;right&#8220; column_element_direction_desktop=&#8220;default&#8220; column_element_spacing=&#8220;default&#8220; desktop_text_alignment=&#8220;default&#8220; tablet_text_alignment=&#8220;default&#8220; phone_text_alignment=&#8220;default&#8220; background_color_opacity=&#8220;1&#8243; background_hover_color_opacity=&#8220;1&#8243; column_backdrop_filter=&#8220;none&#8220; column_shadow=&#8220;none&#8220; column_border_radius=&#8220;none&#8220; column_link_target=&#8220;_self&#8220; column_position=&#8220;default&#8220; gradient_direction=&#8220;left_to_right&#8220; overlay_strength=&#8220;0.3&#8243; width=&#8220;1\/2&#8243; tablet_width_inherit=&#8220;default&#8220; animation_type=&#8220;default&#8220; bg_image_animation=&#8220;none&#8220; border_type=&#8220;simple&#8220; column_border_width=&#8220;none&#8220; column_border_style=&#8220;solid&#8220;][vc_column_text]\n<h2>Es gibt drei M\u00f6glichkeiten, eine Visite oder Untersuchung in der Privatklinik St. Anna vorzumerken: Sie k\u00f6nnen pers\u00f6nlich bei uns vorbeikommen, uns telefonisch erreichen oder eine E-Mail schicken.<\/h2>\n[\/vc_column_text][vc_column_text]\n<p class=\"docData;DOCY;v5;2202;BQiAAgAAEYQCAAAGiAIAAAOdBAAABasEAAAAAAAAAAAAAAAAAAAAAAAAAAAAAAAAAAAAAAAAAAAAAAAAAAAAAAAAAAAAAAAAAAAAAAAAAAAAAAAAAAAAAAAAAAAAAAAAAAAAAAAAAAAAAAAAAAAAAAAAAAAAAAAAAAAAAAAAAAAAAAAAAAAAAAAAAAAAAAAAAAAAAAAAAAAAAAAAAAAAAAAAAAAAAAAAAAAAAAAAAAAAAAAAAAAAAAAAAAAAAAAAAAAAAAAAAAAAAAAAAAAAAAAAAAAAAAAAAAAAAAAAAAAAAAAAAAAAAAAAAAAAAAAAAAAAAAAAAAAAAAAAAAAAAAAAAAAAAAAAAAAAAAAAAAAAAAAAAAAAAAAAAAAAAAAAAAAAAAAAAAAAAAAAAAAAAAAAAAAAAAAAAAAAAAAAAAAAAAAAAAAAAAAAAAAAAAAAAAAAAAAAAAAAAAAAAAAAAAAAAAAAAAAAAAAAAAAAAAAAAAAAAAAAAAAAAAAAAAAAAAAAAAAAAAAAAAAAAAAAAAAAAAAAAAAAAAAAAAAAAAAAAAAAAAAAAAAAAAAAAAAAAAAAAAAAAAAAAAAAAAAAAAAAAAAAAAAAAAAAAAAAAAAAAAAAAAAAAAAAAAAAAAAAAAAAAAAAAAAAAAAAAAAAAAAAAAAAAAAAAAAAAAAAAAAAAAAAAAAAAAAAAAAAAAAAAAAAAAAAAAAAAAAAAAAAAAAAAAAAAAAAAAAAAAAAAAAAAAAAAAAAAAAAAAAAAAAAAAAAAAAAAAAAAAAAAAAAAAAAAAAAAAAAAAAAAAAAAAAAAAAAAAAAAAAAAAAAAAAAAAAAAAAAAAAAAAAAAAAAAAAAAAAAAAAAEQIAAAAMAgAAASQAAAAVBgYAAAAyADQAOQABBgAAAAAJBgAAAAAaBgAAAAAbBgAAAAAC3gEAAAW7AQAAAQAAAAAIsQEAAACsAQAAUgBlAGMAYQByAHMAaQAgAGQAaQAgAHAAZQByAHMAbwBuAGEAIABwAHIAZQBzAHMAbwAgAGkAbAAgAHMAZQByAHYAaQB6AGkAbwAgAGQAaQAgAGEAYwBjAGUAdAB0AGEAegBpAG8AbgBlACAAbwAgAHQAZQBsAGUAZgBvAG4AYQByAGUAIABhAGwAIABjAGUAbgB0AHIAYQBsAGkAbgBvACAAcwBvAG4AbwAgAGwAZQAgAGQAdQBlACAAbQBvAGQAYQBsAGkAdADgACAAcABlAHIAIABwAHIAZQBuAG8AdABhAHIAZQAgAHUAbgBhACAAZABlAGwAbABlACAAbgB1AG0AZQByAG8AcwBlACAAWwBwAHIAZQBzAHQAYQB6AGkAbwBuAGkAIABhAG0AYgB1AGwAYQB0AG8AcgBpAGEAbABpAF0AKABsAGkAbgBrACAAaQBuAHQAZQByAG4AbwApACAAbwBmAGYAZQByAHQAZQAgAGQAYQBsACAAQwBlAG4AdAByAG8AIABNAGUAZABpAGMAbwAgAFMAYQBuAHQAGSBBAG4AbgBhAC4AIAAFCgAAAAEAAAAACAAAAAAFCgAAAAEAAAAACAAAAAAKAAAAAAAAAAARAAAAAOsDAAAA4gAAAAABAAEGEgAAACQEAAAAACUEAAAAACYEAAAAAAUBAQYBAAcBAAgBAAkGGwAAACcE8AAAAAsBARwBACgEAAAAAB0BACkEAAAAAA4GDgAAAAABAQED\/\/\/\/AgYAAAAAGQEBGwZ9AAAAABQAAAAAAwAAAAUEAAAAAAYEBAAAAAMBAAEUAAAAAAMAAAAFBAAAAAAGBAQAAAADAQACFAAAAAADAAAABQQAAAAABgQEAAAAAwEAAxQAAAAAAwAAAAUEAAAAAAYEBAAAAAMBAAsUAAAAAAMAAAAFBAAAAAAGBAQAAAADAQABzgAAAAABAAEBAAIBAAMBAAQGHgAAAFQAaQBtAGUAcwAgAE4AZQB3ACAAUgBvAG0AYQBuAAUGCgAAAEEAcgBpAGEAbAAHBgoAAABBAHIAaQBhAGwABgYKAAAAQQByAGkAYQBsAAgEFAAAAAoBAAwBACYEAAAAAA8BABABABEBACcEAAAAABQBABUBABYEFgAAABcBABgBABkGCgAAAGUAbgAtAFUAUwAaBgoAAABlAG4ALQBVAFMAGwYKAAAAZQBuAC0AVQBTABwGAgAAAAAAHgEAAiwCAAAAJwIAAAEGAAAAMgA0ADkAAhgAAABUAGUAeAB0AF8AMgAwAF8AYgBvAGQAeQAJAQAAAAMDBgAAADIANAA3AAX8AAAAAAEAAQEAAgEAAwEABAYeAAAAVABpAG0AZQBzACAATgBlAHcAIABSAG8AbQBhAG4ABQYeAAAAVABpAG0AZQBzACAATgBlAHcAIABSAG8AbQBhAG4ABwYiAAAAJwBUAGkAbQBlAHMAIABOAGUAdwAgAFIAbwBtAGEAbgAnAAYGDAAAAFMAaQBtAFMAdQBuAAgEGAAAAAoBAAwBACYEAAAAAA8BABABABEBACcEAAAAABQBABUBABYEGAAAABcBABgBABkGCgAAAGkAdAAtAEkAVAAaBgoAAABoAGkALQBJAE4AGwYKAAAAegBoAC0AQwBOABwGAgAAAAAAHgEABuIAAAAAAQABBhIAAAAkBAAAAAAlBAAAAAAmBAAAAAAFAQEGAQAHAQAIAQAJBhsAAAAnBGgBAAALAQEcAQAoBAAAAAAdAQApBIwAAAAOBg4AAAAAAQEBA\/\/\/\/wIGAAAAABkBARsGfQAAAAAUAAAAAAMAAAAFBAAAAAAGBAQAAAADAQABFAAAAAADAAAABQQAAAAABgQEAAAAAwEAAhQAAAAAAwAAAAUEAAAAAAYEBAAAAAMBAAMUAAAAAAMAAAAFBAAAAAAGBAQAAAADAQALFAAAAAADAAAABQQAAAAABgQEAAAAAwEAEwEAAAAB\">Wenn Sie pers\u00f6nlich zur Vormerkung einer der vielen <a href=\"https:\/\/villa-santanna.eu\/de\/poliklinik-in-meran\/\" target=\"_blank\" rel=\"noopener noreferrer\">ambulant angebotenen Visiten<\/a> in die Privatklinik St. Anna kommen, k\u00f6nnen Sie sich an unseren Empfangsschalter wenden. Unsere Vormerkstelle ist zudem telefonisch oder per E-Mail f\u00fcr Sie erreichbar.<\/p>\n<p><a href=\"https:\/\/villa-santanna.eu\/de\/hotline-orthopaedie\/\">HOTLINE ORTHOP\u00c4DIE &#8211; TEL 0473 426 267 &#8211; MOB 347 926 4857 (nur Whatsapp-Nachrichten)<\/a>[\/vc_column_text][vc_column_text]\n<h2>Online-Vormerkung<\/h2>\n[\/vc_column_text][vc_column_text]\n<p class=\"docData;DOCY;v5;2086;BQiAAgAAEYQCAAAGiAIAAAMpBAAABTcEAAAAAAAAAAAAAAAAAAAAAAAAAAAAAAAAAAAAAAAAAAAAAAAAAAAAAAAAAAAAAAAAAAAAAAAAAAAAAAAAAAAAAAAAAAAAAAAAAAAAAAAAAAAAAAAAAAAAAAAAAAAAAAAAAAAAAAAAAAAAAAAAAAAAAAAAAAAAAAAAAAAAAAAAAAAAAAAAAAAAAAAAAAAAAAAAAAAAAAAAAAAAAAAAAAAAAAAAAAAAAAAAAAAAAAAAAAAAAAAAAAAAAAAAAAAAAAAAAAAAAAAAAAAAAAAAAAAAAAAAAAAAAAAAAAAAAAAAAAAAAAAAAAAAAAAAAAAAAAAAAAAAAAAAAAAAAAAAAAAAAAAAAAAAAAAAAAAAAAAAAAAAAAAAAAAAAAAAAAAAAAAAAAAAAAAAAAAAAAAAAAAAAAAAAAAAAAAAAAAAAAAAAAAAAAAAAAAAAAAAAAAAAAAAAAAAAAAAAAAAAAAAAAAAAAAAAAAAAAAAAAAAAAAAAAAAAAAAAAAAAAAAAAAAAAAAAAAAAAAAAAAAAAAAAAAAAAAAAAAAAAAAAAAAAAAAAAAAAAAAAAAAAAAAAAAAAAAAAAAAAAAAAAAAAAAAAAAAAAAAAAAAAAAAAAAAAAAAAAAAAAAAAAAAAAAAAAAAAAAAAAAAAAAAAAAAAAAAAAAAAAAAAAAAAAAAAAAAAAAAAAAAAAAAAAAAAAAAAAAAAAAAAAAAAAAAAAAAAAAAAAAAAAAAAAAAAAAAAAAAAAAAAAAAAAAAAAAAAAAAAAAAAAAAAAAAAAAAAAAAAAAAAAAAAAAAAAAAAAAAAAAAAAAAAAAAAAAAAAAAAAAAAAAAAAAAnQEAAACYAQAAASQAAAAVBgYAAAAyADQAOQABBgAAAAAJBgAAAAAaBgAAAAAbBgAAAAACagEAAAVHAQAAAQAAAAAIPQEAAAA4AQAAQQBsAGMAdQBuAGUAIAB2AGkAcwBpAHQAZQAgAGUAZAAgAGUAcwBhAG0AaQAgAG8AZgBmAGUAcgB0AGkAIABpAG4AIAByAGUAZwBpAG0AZQAgAHAAcgBpAHYAYQB0AG8AIABkAGEAbAAgAEMAZQBuAHQAcgBvACAATQBlAGQAaQBjAG8AIABTAGEAbgB0ABkgQQBuAG4AYQAgAHAAbwBzAHMAbwBuAG8AIABlAHMAcwBlAHIAZQAgAHAAcgBlAG4AbwB0AGEAdABpACAAZABpAHIAZQB0AHQAYQBtAGUAbgB0AGUAIABvAG4AbABpAG4AZQAsACAAYwBvAG0AcABpAGwAYQBuAGQAbwAgAGkAbAAgAG0AbwBkAHUAbABvACAAcwBvAHQAdABvAHMAdABhAG4AdABlAC4ABQoAAAABAAAAAAgAAAAABQoAAAABAAAAAAgAAAAACgAAAAAAAAAAEQAAAADrAwAAAOIAAAAAAQABBhIAAAAkBAAAAAAlBAAAAAAmBAAAAAAFAQEGAQAHAQAIAQAJBhsAAAAnBPAAAAALAQEcAQAoBAAAAAAdAQApBAAAAAAOBg4AAAAAAQEBA\/\/\/\/wIGAAAAABkBARsGfQAAAAAUAAAAAAMAAAAFBAAAAAAGBAQAAAADAQABFAAAAAADAAAABQQAAAAABgQEAAAAAwEAAhQAAAAAAwAAAAUEAAAAAAYEBAAAAAMBAAMUAAAAAAMAAAAFBAAAAAAGBAQAAAADAQALFAAAAAADAAAABQQAAAAABgQEAAAAAwEAAc4AAAAAAQABAQACAQADAQAEBh4AAABUAGkAbQBlAHMAIABOAGUAdwAgAFIAbwBtAGEAbgAFBgoAAABBAHIAaQBhAGwABwYKAAAAQQByAGkAYQBsAAYGCgAAAEEAcgBpAGEAbAAIBBQAAAAKAQAMAQAmBAAAAAAPAQAQAQARAQAnBAAAAAAUAQAVAQAWBBYAAAAXAQAYAQAZBgoAAABlAG4ALQBVAFMAGgYKAAAAZQBuAC0AVQBTABsGCgAAAGUAbgAtAFUAUwAcBgIAAAAAAB4BAAIsAgAAACcCAAABBgAAADIANAA5AAIYAAAAVABlAHgAdABfADIAMABfAGIAbwBkAHkACQEAAAADAwYAAAAyADQANwAF\/AAAAAABAAEBAAIBAAMBAAQGHgAAAFQAaQBtAGUAcwAgAE4AZQB3ACAAUgBvAG0AYQBuAAUGHgAAAFQAaQBtAGUAcwAgAE4AZQB3ACAAUgBvAG0AYQBuAAcGIgAAACcAVABpAG0AZQBzACAATgBlAHcAIABSAG8AbQBhAG4AJwAGBgwAAABTAGkAbQBTAHUAbgAIBBgAAAAKAQAMAQAmBAAAAAAPAQAQAQARAQAnBAAAAAAUAQAVAQAWBBgAAAAXAQAYAQAZBgoAAABpAHQALQBJAFQAGgYKAAAAaABpAC0ASQBOABsGCgAAAHoAaAAtAEMATgAcBgIAAAAAAB4BAAbiAAAAAAEAAQYSAAAAJAQAAAAAJQQAAAAAJgQAAAAABQEBBgEABwEACAEACQYbAAAAJwRoAQAACwEBHAEAKAQAAAAAHQEAKQSMAAAADgYOAAAAAAEBAQP\/\/\/8CBgAAAAAZAQEbBn0AAAAAFAAAAAADAAAABQQAAAAABgQEAAAAAwEAARQAAAAAAwAAAAUEAAAAAAYEBAAAAAMBAAIUAAAAAAMAAAAFBAAAAAAGBAQAAAADAQADFAAAAAADAAAABQQAAAAABgQEAAAAAwEACxQAAAAAAwAAAAUEAAAAAAYEBAAAAAMBABMBAAAAAQ==\">Der gr\u00f6\u00dfte Teil der bei uns in der Privatklinik St. Anna durchgef\u00fchrten Visiten und Untersuchungen k\u00f6nnen auch online vorgemerkt werden. Daf\u00fcr m\u00fcssen Sie nur das untenstehende Formular ausf\u00fcllen.<\/p>\n[\/vc_column_text][nectar_cta btn_style=&#8220;see-through&#8220; heading_tag=&#8220;h6&#8243; button_color=&#8220;default&#8220; text_color=&#8220;#b3c558&#8243; button_border_thickness=&#8220;0px&#8220; link_type=&#8220;new_tab&#8220; alignment=&#8220;left&#8220; alignment_tablet=&#8220;default&#8220; alignment_phone=&#8220;default&#8220; display=&#8220;block&#8220; display_tablet=&#8220;inherit&#8220; display_phone=&#8220;inherit&#8220; link_text=&#8220;Buchen Sie Ihren Besuch ONLINE&#8220; margin_top=&#8220;30&#8243; url=&#8220;https:\/\/www.portalemedica.it\/cdcsanna\/modules\/po\/&#8220; margin_bottom=&#8220;30&#8243;][vc_row_inner column_margin=&#8220;default&#8220; column_direction=&#8220;default&#8220; column_direction_tablet=&#8220;default&#8220; column_direction_phone=&#8220;default&#8220; text_align=&#8220;left&#8220; row_position=&#8220;default&#8220; row_position_tablet=&#8220;inherit&#8220; row_position_phone=&#8220;inherit&#8220; overflow=&#8220;visible&#8220; pointer_events=&#8220;all&#8220;][vc_column_inner column_padding=&#8220;padding-5-percent&#8220; column_padding_tablet=&#8220;inherit&#8220; column_padding_phone=&#8220;inherit&#8220; column_padding_position=&#8220;all&#8220; column_element_direction_desktop=&#8220;default&#8220; column_element_spacing=&#8220;default&#8220; desktop_text_alignment=&#8220;default&#8220; tablet_text_alignment=&#8220;default&#8220; phone_text_alignment=&#8220;default&#8220; background_color_opacity=&#8220;1&#8243; background_hover_color_opacity=&#8220;1&#8243; column_backdrop_filter=&#8220;none&#8220; column_shadow=&#8220;none&#8220; column_border_radius=&#8220;none&#8220; column_link_target=&#8220;_self&#8220; overflow=&#8220;visible&#8220; gradient_direction=&#8220;left_to_right&#8220; overlay_strength=&#8220;0.3&#8243; width=&#8220;1\/1&#8243; tablet_width_inherit=&#8220;default&#8220; animation_type=&#8220;default&#8220; bg_image_animation=&#8220;none&#8220; border_type=&#8220;simple&#8220; column_border_width=&#8220;1px&#8220; column_border_color=&#8220;#b3c558&#8243; column_border_style=&#8220;solid&#8220; enable_border_animation=&#8220;true&#8220; column_padding_type=&#8220;default&#8220; column_link=&#8220;https:\/\/villa-santanna.eu\/de\/versicherungen\/&#8220; gradient_type=&#8220;default&#8220;][vc_column_text]\n<h2>Krankenversicherung<\/h2>\n[\/vc_column_text][vc_column_text]\n<p class=\"docData;DOCY;v5;2202;BQiAAgAAEYQCAAAGiAIAAAOdBAAABasEAAAAAAAAAAAAAAAAAAAAAAAAAAAAAAAAAAAAAAAAAAAAAAAAAAAAAAAAAAAAAAAAAAAAAAAAAAAAAAAAAAAAAAAAAAAAAAAAAAAAAAAAAAAAAAAAAAAAAAAAAAAAAAAAAAAAAAAAAAAAAAAAAAAAAAAAAAAAAAAAAAAAAAAAAAAAAAAAAAAAAAAAAAAAAAAAAAAAAAAAAAAAAAAAAAAAAAAAAAAAAAAAAAAAAAAAAAAAAAAAAAAAAAAAAAAAAAAAAAAAAAAAAAAAAAAAAAAAAAAAAAAAAAAAAAAAAAAAAAAAAAAAAAAAAAAAAAAAAAAAAAAAAAAAAAAAAAAAAAAAAAAAAAAAAAAAAAAAAAAAAAAAAAAAAAAAAAAAAAAAAAAAAAAAAAAAAAAAAAAAAAAAAAAAAAAAAAAAAAAAAAAAAAAAAAAAAAAAAAAAAAAAAAAAAAAAAAAAAAAAAAAAAAAAAAAAAAAAAAAAAAAAAAAAAAAAAAAAAAAAAAAAAAAAAAAAAAAAAAAAAAAAAAAAAAAAAAAAAAAAAAAAAAAAAAAAAAAAAAAAAAAAAAAAAAAAAAAAAAAAAAAAAAAAAAAAAAAAAAAAAAAAAAAAAAAAAAAAAAAAAAAAAAAAAAAAAAAAAAAAAAAAAAAAAAAAAAAAAAAAAAAAAAAAAAAAAAAAAAAAAAAAAAAAAAAAAAAAAAAAAAAAAAAAAAAAAAAAAAAAAAAAAAAAAAAAAAAAAAAAAAAAAAAAAAAAAAAAAAAAAAAAAAAAAAAAAAAAAAAAAAAAAAAAAAAAAAAAAAAAAAAAAAAAAAAAAAAAAAAAAAAAAAAAAAAAEQIAAAAMAgAAASQAAAAVBgYAAAAyADQAOQABBgAAAAAJBgAAAAAaBgAAAAAbBgAAAAAC3gEAAAW7AQAAAQAAAAAIsQEAAACsAQAAUgBlAGMAYQByAHMAaQAgAGQAaQAgAHAAZQByAHMAbwBuAGEAIABwAHIAZQBzAHMAbwAgAGkAbAAgAHMAZQByAHYAaQB6AGkAbwAgAGQAaQAgAGEAYwBjAGUAdAB0AGEAegBpAG8AbgBlACAAbwAgAHQAZQBsAGUAZgBvAG4AYQByAGUAIABhAGwAIABjAGUAbgB0AHIAYQBsAGkAbgBvACAAcwBvAG4AbwAgAGwAZQAgAGQAdQBlACAAbQBvAGQAYQBsAGkAdADgACAAcABlAHIAIABwAHIAZQBuAG8AdABhAHIAZQAgAHUAbgBhACAAZABlAGwAbABlACAAbgB1AG0AZQByAG8AcwBlACAAWwBwAHIAZQBzAHQAYQB6AGkAbwBuAGkAIABhAG0AYgB1AGwAYQB0AG8AcgBpAGEAbABpAF0AKABsAGkAbgBrACAAaQBuAHQAZQByAG4AbwApACAAbwBmAGYAZQByAHQAZQAgAGQAYQBsACAAQwBlAG4AdAByAG8AIABNAGUAZABpAGMAbwAgAFMAYQBuAHQAGSBBAG4AbgBhAC4AIAAFCgAAAAEAAAAACAAAAAAFCgAAAAEAAAAACAAAAAAKAAAAAAAAAAARAAAAAOsDAAAA4gAAAAABAAEGEgAAACQEAAAAACUEAAAAACYEAAAAAAUBAQYBAAcBAAgBAAkGGwAAACcE8AAAAAsBARwBACgEAAAAAB0BACkEAAAAAA4GDgAAAAABAQED\/\/\/\/AgYAAAAAGQEBGwZ9AAAAABQAAAAAAwAAAAUEAAAAAAYEBAAAAAMBAAEUAAAAAAMAAAAFBAAAAAAGBAQAAAADAQACFAAAAAADAAAABQQAAAAABgQEAAAAAwEAAxQAAAAAAwAAAAUEAAAAAAYEBAAAAAMBAAsUAAAAAAMAAAAFBAAAAAAGBAQAAAADAQABzgAAAAABAAEBAAIBAAMBAAQGHgAAAFQAaQBtAGUAcwAgAE4AZQB3ACAAUgBvAG0AYQBuAAUGCgAAAEEAcgBpAGEAbAAHBgoAAABBAHIAaQBhAGwABgYKAAAAQQByAGkAYQBsAAgEFAAAAAoBAAwBACYEAAAAAA8BABABABEBACcEAAAAABQBABUBABYEFgAAABcBABgBABkGCgAAAGUAbgAtAFUAUwAaBgoAAABlAG4ALQBVAFMAGwYKAAAAZQBuAC0AVQBTABwGAgAAAAAAHgEAAiwCAAAAJwIAAAEGAAAAMgA0ADkAAhgAAABUAGUAeAB0AF8AMgAwAF8AYgBvAGQAeQAJAQAAAAMDBgAAADIANAA3AAX8AAAAAAEAAQEAAgEAAwEABAYeAAAAVABpAG0AZQBzACAATgBlAHcAIABSAG8AbQBhAG4ABQYeAAAAVABpAG0AZQBzACAATgBlAHcAIABSAG8AbQBhAG4ABwYiAAAAJwBUAGkAbQBlAHMAIABOAGUAdwAgAFIAbwBtAGEAbgAnAAYGDAAAAFMAaQBtAFMAdQBuAAgEGAAAAAoBAAwBACYEAAAAAA8BABABABEBACcEAAAAABQBABUBABYEGAAAABcBABgBABkGCgAAAGkAdAAtAEkAVAAaBgoAAABoAGkALQBJAE4AGwYKAAAAegBoAC0AQwBOABwGAgAAAAAAHgEABuIAAAAAAQABBhIAAAAkBAAAAAAlBAAAAAAmBAAAAAAFAQEGAQAHAQAIAQAJBhsAAAAnBGgBAAALAQEcAQAoBAAAAAAdAQApBIwAAAAOBg4AAAAAAQEBA\/\/\/\/wIGAAAAABkBARsGfQAAAAAUAAAAAAMAAAAFBAAAAAAGBAQAAAADAQABFAAAAAADAAAABQQAAAAABgQEAAAAAwEAAhQAAAAAAwAAAAUEAAAAAAYEBAAAAAMBAAMUAAAAAAMAAAAFBAAAAAAGBAQAAAADAQALFAAAAAADAAAABQQAAAAABgQEAAAAAwEAEwEAAAAB\">Unsere Klinik arbeitet mit zahlreichen Krankenversicherungsinstituten zusammen. Um zu wissen, ob auch Ihre darunter ist, gen\u00fcgt ein Blick auf die Liste unserer Partner.<\/p>\n[\/vc_column_text][\/vc_column_inner][\/vc_row_inner][\/vc_column][vc_column column_padding=&#8220;padding-4-percent&#8220; column_padding_tablet=&#8220;inherit&#8220; column_padding_phone=&#8220;inherit&#8220; column_padding_position=&#8220;all&#8220; column_element_direction_desktop=&#8220;default&#8220; column_element_spacing=&#8220;default&#8220; desktop_text_alignment=&#8220;default&#8220; tablet_text_alignment=&#8220;default&#8220; phone_text_alignment=&#8220;default&#8220; background_color=&#8220;#f2f2f2&#8243; background_color_opacity=&#8220;1&#8243; background_hover_color_opacity=&#8220;1&#8243; column_backdrop_filter=&#8220;none&#8220; column_shadow=&#8220;none&#8220; column_border_radius=&#8220;none&#8220; column_link_target=&#8220;_self&#8220; column_position=&#8220;default&#8220; gradient_direction=&#8220;left_to_right&#8220; overlay_strength=&#8220;0.3&#8243; width=&#8220;1\/2&#8243; tablet_width_inherit=&#8220;default&#8220; animation_type=&#8220;default&#8220; bg_image_animation=&#8220;none&#8220; border_type=&#8220;simple&#8220; column_border_width=&#8220;none&#8220; column_border_style=&#8220;solid&#8220;][vc_column_text]\n<h2>\u00d6ffnungszeiten<\/h2>\n[\/vc_column_text][vc_column_text]\n<h3>Empfang<\/h3>\n<p>E-Mail: clinica@villa-santanna.eu<br \/>\nTelefon: 0473 236480<br \/>\nMontag bis Freitag von 07.30 bis 18.00 Uhr<br \/>\nSamstag von 08.00 bis 14.00 Uhr<\/p>\n<h3>Annahmestelle<\/h3>\n<p>Montag bis Freitag von 7.30 bis 17.30 Uhr[\/vc_column_text][\/vc_column][\/vc_row]\n","protected":false},"excerpt":{"rendered":"<p>[vc_row type=&#8220;full_width_background&#8220; full_screen_row_position=&#8220;middle&#8220; column_margin=&#8220;default&#8220; column_direction=&#8220;default&#8220; column_direction_tablet=&#8220;default&#8220; column_direction_phone=&#8220;default&#8220; bg_image=&#8220;1092&#8243; bg_position=&#8220;center center&#8220; background_image_loading=&#8220;default&#8220; bg_repeat=&#8220;no-repeat&#8220; scene_position=&#8220;center&#8220; top_padding=&#8220;10%&#8220; bottom_padding=&#8220;7%&#8220; text_color=&#8220;light&#8220; text_align=&#8220;left&#8220; row_border_radius=&#8220;none&#8220; row_border_radius_applies=&#8220;bg&#8220; overflow=&#8220;visible&#8220; id=&#8220;top&#8220; overlay_strength=&#8220;0.3&#8243; gradient_direction=&#8220;left_to_right&#8220; enable_shape_divider=&#8220;true&#8220; shape_divider_color=&#8220;#ffffff&#8220; shape_divider_position=&#8220;bottom&#8220; shape_divider_height=&#8220;150&#8243; shape_divider_bring_to_front=&#8220;true&#8220; bg_image_animation=&#8220;none&#8220; shape_type=&#8220;tilt_alt&#8220;][vc_column column_padding=&#8220;no-extra-padding&#8220; column_padding_tablet=&#8220;inherit&#8220;&#8230;<\/p>\n","protected":false},"author":8,"featured_media":0,"parent":0,"menu_order":0,"comment_status":"closed","ping_status":"closed","template":"","meta":{"_acf_changed":false,"footnotes":""},"class_list":["post-1949","page","type-page","status-publish"],"acf":[],"_links":{"self":[{"href":"https:\/\/villa-santanna.eu\/de\/wp-json\/wp\/v2\/pages\/1949","targetHints":{"allow":["GET"]}}],"collection":[{"href":"https:\/\/villa-santanna.eu\/de\/wp-json\/wp\/v2\/pages"}],"about":[{"href":"https:\/\/villa-santanna.eu\/de\/wp-json\/wp\/v2\/types\/page"}],"author":[{"embeddable":true,"href":"https:\/\/villa-santanna.eu\/de\/wp-json\/wp\/v2\/users\/8"}],"replies":[{"embeddable":true,"href":"https:\/\/villa-santanna.eu\/de\/wp-json\/wp\/v2\/comments?post=1949"}],"version-history":[{"count":0,"href":"https:\/\/villa-santanna.eu\/de\/wp-json\/wp\/v2\/pages\/1949\/revisions"}],"wp:attachment":[{"href":"https:\/\/villa-santanna.eu\/de\/wp-json\/wp\/v2\/media?parent=1949"}],"curies":[{"name":"wp","href":"https:\/\/api.w.org\/{rel}","templated":true}]}}