{"id":1944,"date":"2019-07-04T10:40:14","date_gmt":"2019-07-04T08:40:14","guid":{"rendered":"https:\/\/villa-santanna.eu\/cookie-policy\/"},"modified":"2022-01-12T11:31:31","modified_gmt":"2022-01-12T10:31:31","slug":"cookie-policy","status":"publish","type":"page","link":"https:\/\/villa-santanna.eu\/de\/cookie-policy\/","title":{"rendered":"Cookie Policy"},"content":{"rendered":"<p><strong>COOKIE POLICY<\/strong><\/p>\n<p>W\u00e4hrend Sie durchs Internet surfen, werden von den Webseiten gewisse Informationen gespeichert, um Ihnen eine korrekte und sichere Surfing-Erfahrung zu bieten, wie zum Beispiel: IP Adressen, MAC address, Domain-Namen von Computern der Nutzer und all jene technischen Informationen, die bei der Verwendung von Internet-Kommunikationsprotokollen implizit sind.<\/p>\n<p><strong>Cookies<\/strong>. Unsere Webseite benutzt Cookies, um Ihnen eine korrekte Nutzung der Internetseite und eine sichere Surfing-Erfahrung zu bieten. Diese Policy gibt Ihnen Informationen \u00fcber die von unserer Webseite verwendeten Cookies, \u00fcber ihre Zwecke und die Nutzungsmodalit\u00e4t.<\/p>\n<p><strong>Was sind Cookies? <\/strong>Rechtsgrundlage f\u00fcr die Verwaltung von Cookies ist die allgemeine Verf\u00fcgung des Datenschutzgaranten bez\u00fcglich Cookies vom 8. Mai 2014. Cookies sind kleine, von der Seite an das Ger\u00e4t des Nutzers (normalerweise an den Browser) gesendete Textdateien. Sie werden gespeichert, um beim n\u00e4chsten Besuch desselben Nutzers wieder an die Seite \u00fcbertragen zu werden. W\u00e4hrend der Navigation auf einer Webseite, k\u00f6nnen auch Cookies von anderen Internetseiten oder Webservern (s.g. \u201cDrittanbieter\u201d) an das Ger\u00e4t des Nutzers gesendet werden: auf der besuchten Webseite k\u00f6nnen einige Elemente (wie z. B. Bilder, Karten, Sounds, spezifische Links zu Seiten anderer Domains) vorhanden sein, die sich auf anderen Internetseiten oder Webservern befinden.<\/p>\n<p>Cookies k\u00f6nnen f\u00fcr verschiedene Zwecke verwendet werden, wie zum Beispiel f\u00fcr die Durchf\u00fchrung der Computerauthentifizierung, die Speicherung von Informationen in Bezug auf Konfigurationen der Maschinen, die auf den Server zugreifen, f\u00fcr die Speicherung bevorzugter Websites, usw. Es folgen die von uns verwendeten Cookie-Typen.<\/p>\n<p><strong>Cookie-Typen:<\/strong><\/p>\n<p><strong>Technische Cookies:<\/strong> technische Cookies sind zwingend n\u00f6tig f\u00fcr das einwandfreie Funktionieren der Webseite; diese werden nur f\u00fcr die Dauer der Navigation gespeichert.<\/p>\n<p><strong>An<\/strong><strong>alytische Cookies:<\/strong> Analytische Cookies werden verwendet, um aggregierte Informationen \u00fcber die Anzahl der Besucher und das Besucherverhalten auf statistischer Ebene zu erheben (z.B. \u201cGoogle Analytics\u201d).<\/p>\n<p>Es folgt die Auflistung der von uns verwendeten Cookies.<\/p>\n<table>\n<tbody>\n<tr>\n<td width=\"84\">Cookie<\/td>\n<td width=\"127\">Typologie<\/td>\n<td width=\"127\">Dauer<\/td>\n<td width=\"325\">Beschreibung<\/td>\n<\/tr>\n<tr>\n<td width=\"84\">_gat_gtag_UA_153078006_1<\/td>\n<td width=\"127\">Anonymisierter analytischer Cookie<\/td>\n<td width=\"127\">90 days<\/td>\n<td width=\"325\">Used to throttle request rate. If Google Analytics is deployed via Google Tag Manager, this\u00a0\u00a0\u00a0\u00a0\u00a0\u00a0 cookie will be named _dc_gtm_&lt;property-id&gt;<\/td>\n<\/tr>\n<tr>\n<td width=\"84\">_ga<\/td>\n<td width=\"127\">Anonymisierter analytischer Cookie<\/td>\n<td width=\"127\">2 years<\/td>\n<td width=\"325\">Used to distinguish users.<\/td>\n<\/tr>\n<tr>\n<td width=\"84\">_gid<\/td>\n<td width=\"127\">Anonymisierter analytischer Cookie<\/td>\n<td width=\"127\">24 hours<\/td>\n<td width=\"325\">Used to distinguish users.<\/td>\n<\/tr>\n<tr>\n<td width=\"84\">cookie_notice_accepted<\/td>\n<td width=\"127\">technischer Cookie<\/td>\n<td width=\"127\">30 days<\/td>\n<td width=\"325\">The cookie serves as a reminder that a visitor has expressly accepted the use of cookies on the site.<\/td>\n<\/tr>\n<\/tbody>\n<\/table>\n<p>&nbsp;<\/p>\n<p><strong>Diese Website verwendet keine Cookies zur Erstellung von Benutzerprofilen.<\/strong><\/p>\n<p>Insbesondere verwendet diese Website:<\/p>\n<ul>\n<li>Technische Cookies, d.h. f\u00fcr die Navigation oder Besuche, zwingend n\u00f6tig f\u00fcr das einwandfreie Funktionieren der Webseite oder f\u00fcr die Nutzung der angebotenen Inhalte und Dienste von Seiten der Benutzer.<\/li>\n<li>Analyse-Cookies\u00a0helfen zu verstehen, wie die Website von den Benutzern verwendet wird. Diese Cookies sammeln weder Informationen \u00fcber die Identit\u00e4t des Benutzers noch personenbezogene Daten: diese Cookies sind mit technischen<\/li>\n<\/ul>\n<p>&nbsp;<\/p>\n<p><strong>Wie kann man Cookies deaktivieren? <\/strong>Der Nutzer kann jederzeit seine Zustimmung zur\u00fccknehmen bzw. die Optionen zur Verwendung von Cookies dieser Webseite \u00fcber seine Browsereinstellungen \u00e4ndern. Hier finden Sie die Links zu den wichtigsten Browsern:<\/p>\n<p><strong>INTERNET <\/strong><strong>EXPLORER<\/strong><\/p>\n<p><a href=\"https:\/\/support.microsoft.com\/it-it\/help\/17442\/windows-internet-explorer-delete-manage-cookies\" target=\"_blank\" rel=\"noopener\">https:\/\/support.microsoft.com\/it-it\/help\/17442\/windows-internet-explorer-delete-manage-cookies<\/a><\/p>\n<p><strong>GOOGLE CHROME<\/strong><\/p>\n<p><a href=\"https:\/\/support.google.com\/accounts\/answer\/32050?hl=it\" target=\"_blank\" rel=\"noopener\">https:\/\/support.google.com\/accounts\/answer\/32050?hl=it<\/a><\/p>\n<p><strong>Mozilla Firefox<\/strong><\/p>\n<p><a href=\"https:\/\/support.mozilla.org\/it\/kb\/Eliminare%20i%20cookie\" target=\"_blank\" rel=\"noopener\">https:\/\/support.mozilla.org\/it\/kb\/Eliminare%20i%20cookie<\/a><\/p>\n<p><strong>Apple Safari<\/strong><\/p>\n<p><a href=\"https:\/\/support.apple.com\/kb\/PH5042?locale=en_US\" target=\"_blank\" rel=\"noopener\">https:\/\/support.apple.com\/kb\/PH5042?locale=en_US<\/a><\/p>\n<p>Diese Policy kann, bei gesetzlichen \u00c4nderungen, vom Verantwortlichen der Datenverarbeitung erg\u00e4nzt und ver\u00e4ndert werden.<\/p>\n<p>&nbsp;<\/p>\n","protected":false},"excerpt":{"rendered":"<p>COOKIE POLICY W\u00e4hrend Sie durchs Internet surfen, werden von den Webseiten gewisse Informationen gespeichert, um Ihnen eine korrekte und sichere Surfing-Erfahrung zu bieten, wie zum Beispiel: IP Adressen, MAC address, Domain-Namen von&#8230;<\/p>\n","protected":false},"author":8,"featured_media":0,"parent":0,"menu_order":0,"comment_status":"closed","ping_status":"closed","template":"","meta":{"_acf_changed":false,"footnotes":""},"class_list":["post-1944","page","type-page","status-publish"],"acf":[],"_links":{"self":[{"href":"https:\/\/villa-santanna.eu\/de\/wp-json\/wp\/v2\/pages\/1944","targetHints":{"allow":["GET"]}}],"collection":[{"href":"https:\/\/villa-santanna.eu\/de\/wp-json\/wp\/v2\/pages"}],"about":[{"href":"https:\/\/villa-santanna.eu\/de\/wp-json\/wp\/v2\/types\/page"}],"author":[{"embeddable":true,"href":"https:\/\/villa-santanna.eu\/de\/wp-json\/wp\/v2\/users\/8"}],"replies":[{"embeddable":true,"href":"https:\/\/villa-santanna.eu\/de\/wp-json\/wp\/v2\/comments?post=1944"}],"version-history":[{"count":0,"href":"https:\/\/villa-santanna.eu\/de\/wp-json\/wp\/v2\/pages\/1944\/revisions"}],"wp:attachment":[{"href":"https:\/\/villa-santanna.eu\/de\/wp-json\/wp\/v2\/media?parent=1944"}],"curies":[{"name":"wp","href":"https:\/\/api.w.org\/{rel}","templated":true}]}}