{"id":1451,"date":"2019-07-10T10:24:12","date_gmt":"2019-07-10T08:24:12","guid":{"rendered":"https:\/\/villa-santanna.eu\/specialita-chirurgiche\/"},"modified":"2026-02-25T14:20:28","modified_gmt":"2026-02-25T13:20:28","slug":"chirurgische-eingriffe-in-meran","status":"publish","type":"page","link":"https:\/\/villa-santanna.eu\/de\/chirurgische-eingriffe-in-meran\/","title":{"rendered":"Chirurgische Eingriffe"},"content":{"rendered":"[vc_row type=&#8220;full_width_background&#8220; full_screen_row_position=&#8220;middle&#8220; bg_image=&#8220;354&#8243; bg_position=&#8220;left bottom&#8220; bg_repeat=&#8220;no-repeat&#8220; full_height=&#8220;yes&#8220; scene_position=&#8220;center&#8220; text_color=&#8220;light&#8220; text_align=&#8220;left&#8220; overlay_strength=&#8220;0.3&#8243; enable_shape_divider=&#8220;true&#8220; shape_divider_color=&#8220;#f8f8f8&#8243; shape_divider_position=&#8220;bottom&#8220; shape_divider_height=&#8220;150&#8243; shape_divider_bring_to_front=&#8220;true&#8220; bg_image_animation=&#8220;none&#8220; shape_type=&#8220;tilt_alt&#8220;][vc_column column_padding=&#8220;no-extra-padding&#8220; column_padding_position=&#8220;all&#8220; background_color_opacity=&#8220;1&#8243; background_hover_color_opacity=&#8220;1&#8243; column_link_target=&#8220;_self&#8220; column_shadow=&#8220;none&#8220; column_border_radius=&#8220;none&#8220; width=&#8220;1\/2&#8243; tablet_width_inherit=&#8220;default&#8220; tablet_text_alignment=&#8220;default&#8220; phone_text_alignment=&#8220;default&#8220; column_border_width=&#8220;none&#8220; column_border_style=&#8220;solid&#8220; bg_image_animation=&#8220;none&#8220;][split_line_heading]\n<h1>Chirurgiezentrum St. Anna: Spezialisten im Einsatz f\u00fcr die Patienten<\/h1>\n[\/split_line_heading][vc_raw_html]JTNDYSUyMGhyZWYlM0QlMjIlMjNpbmZvcm1hemlvbmklMjIlM0UlMEElMDklMDklMDklMDklMDklMDklMDklMDklMDklM0MlMjEtLSUzRnhtbCUyMHZlcnNpb24lM0QlMjIxLjAlMjIlMjBlbmNvZGluZyUzRCUyMnV0Zi04JTIyJTNGLS0lM0UlMEElMDklMDklMDklMDklMDklMDklMDklMDklMDklM0MlMjEtLSUyMEdlbmVyYXRvciUzQSUyMEFkb2JlJTIwSWxsdXN0cmF0b3IlMjAyMy4wLjQlMkMlMjBTVkclMjBFeHBvcnQlMjBQbHVnLUluJTIwLiUyMFNWRyUyMFZlcnNpb24lM0ElMjA2LjAwJTIwQnVpbGQlMjAwJTI5JTIwJTIwLS0lM0UlMEElMDklMDklMDklMDklMDklMDklMDklMDklMDklM0NzdmclMjB2ZXJzaW9uJTNEJTIyMS4xJTIyJTIwaWQlM0QlMjJmcmVjY2lhJTIyJTIweG1sbnMlM0QlMjJodHRwJTNBJTJGJTJGd3d3LnczLm9yZyUyRjIwMDAlMkZzdmclMjIlMjB4bWxucyUzQXhsaW5rJTNEJTIyaHR0cCUzQSUyRiUyRnd3dy53My5vcmclMkYxOTk5JTJGeGxpbmslMjIlMjB4JTNEJTIyMHB4JTIyJTIweSUzRCUyMjBweCUyMiUyMHZpZXdCb3glM0QlMjIwJTIwMCUyMDM3LjIlMjAxMDcuNiUyMiUyMHN0eWxlJTNEJTIyZW5hYmxlLWJhY2tncm91bmQlM0FuZXclMjAwJTIwMCUyMDM3LjIlMjAxMDcuNiUzQiUyMiUyMHhtbCUzQXNwYWNlJTNEJTIycHJlc2VydmUlMjIlM0UlMEElMDklMDklMDklMDklMDklMDklMDklMDklMDklMDklM0NzdHlsZSUyMHR5cGUlM0QlMjJ0ZXh0JTJGY3NzJTIyJTNFJTBBJTA5JTA5JTA5JTA5JTA5JTA5JTA5JTA5JTA5JTA5LnN0MCU3QmZpbGwlM0Fub25lJTNCc3Ryb2tlJTNBJTIzRkZGRkZGJTNCc3Ryb2tlLXdpZHRoJTNBMS41JTNCc3Ryb2tlLW1pdGVybGltaXQlM0ExMCUzQiU3RCUwQSUwOSUwOSUwOSUwOSUwOSUwOSUwOSUwOSUwOSUwOSUzQyUyRnN0eWxlJTNFJTBBJTA5JTA5JTA5JTA5JTA5JTA5JTA5JTA5JTA5JTA5JTNDZyUzRSUwQSUwOSUwOSUwOSUwOSUwOSUwOSUwOSUwOSUwOSUwOSUwOSUzQ3BvbHlsaW5lJTIwY2xhc3MlM0QlMjJzdDAlMjIlMjBwb2ludHMlM0QlMjIxJTJDODguNSUyMDE4LjYlMkMxMDYuMSUyMDM2LjIlMkM4OC41JTIwJTA5JTIyJTNFJTNDJTJGcG9seWxpbmUlM0UlMEElMDklMDklMDklMDklMDklMDklMDklMDklMDklMDklMDklM0NsaW5lJTIwY2xhc3MlM0QlMjJzdDAlMjIlMjB4MSUzRCUyMjE4LjYlMjIlMjB5MSUzRCUyMjAuNSUyMiUyMHgyJTNEJTIyMTguNiUyMiUyMHkyJTNEJTIyMTA1LjUlMjIlM0UlM0MlMkZsaW5lJTNFJTBBJTA5JTA5JTA5JTA5JTA5JTA5JTA5JTA5JTA5JTA5JTNDJTJGZyUzRSUwQSUwOSUwOSUwOSUwOSUwOSUwOSUwOSUwOSUwOSUzQyUyRnN2ZyUzRSUwQSUwQSUwOSUwOSUwOSUwOSUwOSUwOSUwOSUwOSUzQyUyRmElM0U=[\/vc_raw_html][\/vc_column][vc_column column_padding=&#8220;no-extra-padding&#8220; column_padding_position=&#8220;all&#8220; background_color_opacity=&#8220;1&#8243; background_hover_color_opacity=&#8220;1&#8243; column_link_target=&#8220;_self&#8220; column_shadow=&#8220;none&#8220; column_border_radius=&#8220;none&#8220; width=&#8220;1\/2&#8243; tablet_width_inherit=&#8220;default&#8220; tablet_text_alignment=&#8220;default&#8220; phone_text_alignment=&#8220;default&#8220; column_border_width=&#8220;none&#8220; column_border_style=&#8220;solid&#8220; bg_image_animation=&#8220;none&#8220;][\/vc_column][\/vc_row][vc_row type=&#8220;in_container&#8220; full_screen_row_position=&#8220;middle&#8220; scene_position=&#8220;center&#8220; text_color=&#8220;dark&#8220; text_align=&#8220;left&#8220; top_padding=&#8220;5%&#8220; bottom_padding=&#8220;5%&#8220; id=&#8220;informazioni&#8220; overlay_strength=&#8220;0.3&#8243; shape_divider_position=&#8220;bottom&#8220; bg_image_animation=&#8220;none&#8220; shape_type=&#8220;&#8220;][vc_column column_padding=&#8220;no-extra-padding&#8220; column_padding_position=&#8220;all&#8220; background_color_opacity=&#8220;1&#8243; background_hover_color_opacity=&#8220;1&#8243; column_link_target=&#8220;_self&#8220; column_shadow=&#8220;none&#8220; column_border_radius=&#8220;none&#8220; width=&#8220;1\/1&#8243; tablet_width_inherit=&#8220;default&#8220; tablet_text_alignment=&#8220;default&#8220; phone_text_alignment=&#8220;default&#8220; column_border_width=&#8220;none&#8220; column_border_style=&#8220;solid&#8220; bg_image_animation=&#8220;none&#8220;][vc_row_inner column_margin=&#8220;default&#8220; text_align=&#8220;left&#8220;][vc_column_inner column_padding=&#8220;no-extra-padding&#8220; column_padding_position=&#8220;all&#8220; background_color_opacity=&#8220;1&#8243; background_hover_color_opacity=&#8220;1&#8243; column_shadow=&#8220;none&#8220; column_border_radius=&#8220;none&#8220; column_link_target=&#8220;_self&#8220; width=&#8220;2\/3&#8243; tablet_width_inherit=&#8220;default&#8220; column_border_width=&#8220;none&#8220; column_border_style=&#8220;solid&#8220; bg_image_animation=&#8220;none&#8220;][vc_column_text]\n<h2>Im Chirurgiezentrum St. Anna bieten erfahrene Chirurgen ein breites Spektrum chirurgischer Eingriffe in Meran an.<\/h2>\n[\/vc_column_text][\/vc_column_inner][vc_column_inner column_padding=&#8220;no-extra-padding&#8220; column_padding_position=&#8220;all&#8220; background_color_opacity=&#8220;1&#8243; background_hover_color_opacity=&#8220;1&#8243; column_shadow=&#8220;none&#8220; column_border_radius=&#8220;none&#8220; column_link_target=&#8220;_self&#8220; width=&#8220;1\/3&#8243; tablet_width_inherit=&#8220;default&#8220; column_border_width=&#8220;none&#8220; column_border_style=&#8220;solid&#8220; bg_image_animation=&#8220;none&#8220;][\/vc_column_inner][\/vc_row_inner][vc_row_inner column_margin=&#8220;default&#8220; text_align=&#8220;left&#8220;][vc_column_inner column_padding=&#8220;no-extra-padding&#8220; column_padding_position=&#8220;all&#8220; background_color_opacity=&#8220;1&#8243; background_hover_color_opacity=&#8220;1&#8243; column_shadow=&#8220;none&#8220; column_border_radius=&#8220;none&#8220; column_link_target=&#8220;_self&#8220; width=&#8220;2\/3&#8243; tablet_width_inherit=&#8220;default&#8220; column_border_width=&#8220;none&#8220; column_border_style=&#8220;solid&#8220; bg_image_animation=&#8220;none&#8220;][vc_column_text]\n<p class=\"docData;DOCY;v5;2560;BQiAAgAAEYQCAAAGiAIAAAMDBgAABREGAAAAAAAAAAAAAAAAAAAAAAAAAAAAAAAAAAAAAAAAAAAAAAAAAAAAAAAAAAAAAAAAAAAAAAAAAAAAAAAAAAAAAAAAAAAAAAAAAAAAAAAAAAAAAAAAAAAAAAAAAAAAAAAAAAAAAAAAAAAAAAAAAAAAAAAAAAAAAAAAAAAAAAAAAAAAAAAAAAAAAAAAAAAAAAAAAAAAAAAAAAAAAAAAAAAAAAAAAAAAAAAAAAAAAAAAAAAAAAAAAAAAAAAAAAAAAAAAAAAAAAAAAAAAAAAAAAAAAAAAAAAAAAAAAAAAAAAAAAAAAAAAAAAAAAAAAAAAAAAAAAAAAAAAAAAAAAAAAAAAAAAAAAAAAAAAAAAAAAAAAAAAAAAAAAAAAAAAAAAAAAAAAAAAAAAAAAAAAAAAAAAAAAAAAAAAAAAAAAAAAAAAAAAAAAAAAAAAAAAAAAAAAAAAAAAAAAAAAAAAAAAAAAAAAAAAAAAAAAAAAAAAAAAAAAAAAAAAAAAAAAAAAAAAAAAAAAAAAAAAAAAAAAAAAAAAAAAAAAAAAAAAAAAAAAAAAAAAAAAAAAAAAAAAAAAAAAAAAAAAAAAAAAAAAAAAAAAAAAAAAAAAAAAAAAAAAAAAAAAAAAAAAAAAAAAAAAAAAAAAAAAAAAAAAAAAAAAAAAAAAAAAAAAAAAAAAAAAAAAAAAAAAAAAAAAAAAAAAAAAAAAAAAAAAAAAAAAAAAAAAAAAAAAAAAAAAAAAAAAAAAAAAAAAAAAAAAAAAAAAAAAAAAAAAAAAAAAAAAAAAAAAAAAAAAAAAAAAAAAAAAAAAAAAAAAAAAAAAAAAAAAAAAAAAAAAdwMAAAByAwAAASQAAAAVBgYAAAAyADQAOQABBgAAAAAJBgAAAAAaBgAAAAAbBgAAAAACRAMAAAV5AAAAAQAAAAAIbwAAAABqAAAATgBlAGwAIABDAGUAbgB0AHIAbwAgAGQAaQAgAEMAaABpAHIAdQByAGcAaQBhACAAUwBhAG4AdAAZIEEAbgBuAGEAIABvAHAAZQByAGEAIAB1AG4AGSBlAHEAdQBpAHAAZQAgAGQAaQAgAAUhAAAAAQAAAAAIFwAAAAASAAAAYwBoAGkAcgB1AHIAZwBoAGkABREAAAABAAAAAAgHAAAAAAIAAAAgAAUPAgAAAQAAAAAIBQIAAAAAAgAAZABpACAAZwByAGEAbgBkAGUAIABlAHMAcABlAHIAaQBlAG4AegBhACAAZQAgAGwAaQB2AGUAbABsAG8AIABjAGgAZQAsACAAYQBzAHMAaQBzAHQAaQB0AGEAIABkAGEAIABwAGEAcgBhAG0AZQBkAGkAYwBpACAAZQBzAHAAZQByAHQAaQAsACAAcAB1APIAIABjAG8AbgB0AGEAcgBlACAAcwB1ACAAYQB0AHQAcgBlAHoAegBhAHQAdQByAGUAIABkABkgYQB2AGEAbgBnAHUAYQByAGQAaQBhACAAcABlAHIAIABlAHMAZQBnAHUAaQByAGUAIAB1AG4AYQAgAHYAYQBzAHQAYQAgAGcAYQBtAG0AYQAgAGQAaQAgAGkAbgB0AGUAcgB2AGUAbgB0AGkAIABjAGgAaQByAHUAcgBnAGkAYwBpAC4AIABPAHAAZQByAGEAegBpAG8AbgBpACAAYwBoAGUAIAB2AGUAbgBnAG8AbgBvACAAZQByAG8AZwBhAHQAZQAgAGkAbgAgAHIAZQBnAGkAbQBlACAAcAByAGkAdgBhAHQAbwAsACAAZwBhAHIAYQBuAHQAZQBuAGQAbwAgAGUAbABlAHYAYQB0AGkAIAB0AGEAcwBzAGkAIABkAGkAIABzAHUAYwBjAGUAcwBzAG8AIABlACAAcgAFUwAAAAEAAAAACEkAAAAARAAAAGEAcABpAGQAaQB0AOAAIABkAGUAaQAgAGQAZQBjAG8AcgBzAGkAIABwAG8AcwB0AG8AcABlAHIAYQB0AG8AcgBpAC4ABQoAAAABAAAAAAgAAAAABQoAAAABAAAAAAgAAAAACgAAAAAAAAAAEQAAAADrAwAAAOIAAAAAAQABBhIAAAAkBAAAAAAlBAAAAAAmBAAAAAAFAQEGAQAHAQAIAQAJBhsAAAAnBPAAAAALAQEcAQAoBAAAAAAdAQApBAAAAAAOBg4AAAAAAQEBA\/\/\/\/wIGAAAAABkBARsGfQAAAAAUAAAAAAMAAAAFBAAAAAAGBAQAAAADAQABFAAAAAADAAAABQQAAAAABgQEAAAAAwEAAhQAAAAAAwAAAAUEAAAAAAYEBAAAAAMBAAMUAAAAAAMAAAAFBAAAAAAGBAQAAAADAQALFAAAAAADAAAABQQAAAAABgQEAAAAAwEAAc4AAAAAAQABAQACAQADAQAEBh4AAABUAGkAbQBlAHMAIABOAGUAdwAgAFIAbwBtAGEAbgAFBgoAAABBAHIAaQBhAGwABwYKAAAAQQByAGkAYQBsAAYGCgAAAEEAcgBpAGEAbAAIBBQAAAAKAQAMAQAmBAAAAAAPAQAQAQARAQAnBAAAAAAUAQAVAQAWBBYAAAAXAQAYAQAZBgoAAABlAG4ALQBVAFMAGgYKAAAAZQBuAC0AVQBTABsGCgAAAGUAbgAtAFUAUwAcBgIAAAAAAB4BAAIsAgAAACcCAAABBgAAADIANAA5AAIYAAAAVABlAHgAdABfADIAMABfAGIAbwBkAHkACQEAAAADAwYAAAAyADQANwAF\/AAAAAABAAEBAAIBAAMBAAQGHgAAAFQAaQBtAGUAcwAgAE4AZQB3ACAAUgBvAG0AYQBuAAUGHgAAAFQAaQBtAGUAcwAgAE4AZQB3ACAAUgBvAG0AYQBuAAcGIgAAACcAVABpAG0AZQBzACAATgBlAHcAIABSAG8AbQBhAG4AJwAGBgwAAABTAGkAbQBTAHUAbgAIBBgAAAAKAQAMAQAmBAAAAAAPAQAQAQARAQAnBAAAAAAUAQAVAQAWBBgAAAAXAQAYAQAZBgoAAABpAHQALQBJAFQAGgYKAAAAaABpAC0ASQBOABsGCgAAAHoAaAAtAEMATgAcBgIAAAAAAB4BAAbiAAAAAAEAAQYSAAAAJAQAAAAAJQQAAAAAJgQAAAAABQEBBgEABwEACAEACQYbAAAAJwRoAQAACwEBHAEAKAQAAAAAHQEAKQSMAAAADgYOAAAAAAEBAQP\/\/\/8CBgAAAAAZAQEbBn0AAAAAFAAAAAADAAAABQQAAAAABgQEAAAAAwEAARQAAAAAAwAAAAUEAAAAAAYEBAAAAAMBAAIUAAAAAAMAAAAFBAAAAAAGBAQAAAADAQADFAAAAAADAAAABQQAAAAABgQEAAAAAwEACxQAAAAAAwAAAAUEAAAAAAYEBAAAAAMBABMBAAAAAQ==\">\u00dcber die Jahre ist das Chirurgiezentrum St. Anna in Meran zu einem Magneten f\u00fcr erfahrene, hoch spezialisierte Chirurgen geworden, die hier in einer effizienten Struktur, mit modernstem Ger\u00e4t und nach neuesten Methoden arbeiten k\u00f6nnen. So wird im Chirurgiezentrum St. Anna ein breites Spektrum an chirurgischen Eingriffen in Meran angeboten, das alle Fachbereiche abdeckt und nur eines im Blick hat: die Gesundheit der Patienten.<\/p>\n[\/vc_column_text][\/vc_column_inner][vc_column_inner column_padding=&#8220;no-extra-padding&#8220; column_padding_position=&#8220;all&#8220; background_color_opacity=&#8220;1&#8243; background_hover_color_opacity=&#8220;1&#8243; column_shadow=&#8220;none&#8220; column_border_radius=&#8220;none&#8220; column_link_target=&#8220;_self&#8220; width=&#8220;1\/3&#8243; tablet_width_inherit=&#8220;default&#8220; column_border_width=&#8220;none&#8220; column_border_style=&#8220;solid&#8220; bg_image_animation=&#8220;none&#8220;][\/vc_column_inner][\/vc_row_inner][\/vc_column][\/vc_row]\n","protected":false},"excerpt":{"rendered":"<p>[vc_row type=&#8220;full_width_background&#8220; full_screen_row_position=&#8220;middle&#8220; bg_image=&#8220;354&#8243; bg_position=&#8220;left bottom&#8220; bg_repeat=&#8220;no-repeat&#8220; full_height=&#8220;yes&#8220; scene_position=&#8220;center&#8220; text_color=&#8220;light&#8220; text_align=&#8220;left&#8220; overlay_strength=&#8220;0.3&#8243; enable_shape_divider=&#8220;true&#8220; shape_divider_color=&#8220;#f8f8f8&#8243; shape_divider_position=&#8220;bottom&#8220; shape_divider_height=&#8220;150&#8243; shape_divider_bring_to_front=&#8220;true&#8220; bg_image_animation=&#8220;none&#8220; shape_type=&#8220;tilt_alt&#8220;][vc_column column_padding=&#8220;no-extra-padding&#8220; column_padding_position=&#8220;all&#8220; background_color_opacity=&#8220;1&#8243; background_hover_color_opacity=&#8220;1&#8243; column_link_target=&#8220;_self&#8220; column_shadow=&#8220;none&#8220; column_border_radius=&#8220;none&#8220; width=&#8220;1\/2&#8243; tablet_width_inherit=&#8220;default&#8220; tablet_text_alignment=&#8220;default&#8220; phone_text_alignment=&#8220;default&#8220; column_border_width=&#8220;none&#8220; column_border_style=&#8220;solid&#8220;&#8230;<\/p>\n","protected":false},"author":8,"featured_media":0,"parent":0,"menu_order":0,"comment_status":"closed","ping_status":"closed","template":"template-archivio-sp_chirurgiche.php","meta":{"_acf_changed":false,"footnotes":""},"class_list":["post-1451","page","type-page","status-publish"],"acf":{"link_rest_api":"https:\/\/villa-santanna.eu\/de\/wp-json\/wp\/v2\/sp_chirurgiche?per_page=100"},"_links":{"self":[{"href":"https:\/\/villa-santanna.eu\/de\/wp-json\/wp\/v2\/pages\/1451","targetHints":{"allow":["GET"]}}],"collection":[{"href":"https:\/\/villa-santanna.eu\/de\/wp-json\/wp\/v2\/pages"}],"about":[{"href":"https:\/\/villa-santanna.eu\/de\/wp-json\/wp\/v2\/types\/page"}],"author":[{"embeddable":true,"href":"https:\/\/villa-santanna.eu\/de\/wp-json\/wp\/v2\/users\/8"}],"replies":[{"embeddable":true,"href":"https:\/\/villa-santanna.eu\/de\/wp-json\/wp\/v2\/comments?post=1451"}],"version-history":[{"count":5,"href":"https:\/\/villa-santanna.eu\/de\/wp-json\/wp\/v2\/pages\/1451\/revisions"}],"predecessor-version":[{"id":7350,"href":"https:\/\/villa-santanna.eu\/de\/wp-json\/wp\/v2\/pages\/1451\/revisions\/7350"}],"wp:attachment":[{"href":"https:\/\/villa-santanna.eu\/de\/wp-json\/wp\/v2\/media?parent=1451"}],"curies":[{"name":"wp","href":"https:\/\/api.w.org\/{rel}","templated":true}]}}