{"id":1412,"date":"2019-07-09T15:49:20","date_gmt":"2019-07-09T13:49:20","guid":{"rendered":"https:\/\/villa-santanna.eu\/centro-medico\/"},"modified":"2022-12-12T23:13:14","modified_gmt":"2022-12-12T22:13:14","slug":"medizinzentrum","status":"publish","type":"page","link":"https:\/\/villa-santanna.eu\/de\/medizinzentrum\/","title":{"rendered":"Medizinzentrum"},"content":{"rendered":"[vc_row type=&#8220;full_width_background&#8220; full_screen_row_position=&#8220;middle&#8220; column_margin=&#8220;default&#8220; bg_image=&#8220;265&#8243; bg_position=&#8220;left bottom&#8220; bg_repeat=&#8220;no-repeat&#8220; full_height=&#8220;yes&#8220; scene_position=&#8220;center&#8220; text_color=&#8220;light&#8220; text_align=&#8220;left&#8220; overlay_strength=&#8220;0.3&#8243; enable_shape_divider=&#8220;true&#8220; shape_divider_color=&#8220;#ffffff&#8220; shape_divider_position=&#8220;bottom&#8220; shape_divider_height=&#8220;150&#8243; shape_divider_bring_to_front=&#8220;true&#8220; bg_image_animation=&#8220;none&#8220; shape_type=&#8220;tilt_alt&#8220;][vc_column column_padding=&#8220;no-extra-padding&#8220; column_padding_position=&#8220;all&#8220; background_color_opacity=&#8220;1&#8243; background_hover_color_opacity=&#8220;1&#8243; column_link_target=&#8220;_self&#8220; column_shadow=&#8220;none&#8220; column_border_radius=&#8220;none&#8220; width=&#8220;1\/2&#8243; tablet_width_inherit=&#8220;default&#8220; tablet_text_alignment=&#8220;default&#8220; phone_text_alignment=&#8220;default&#8220; overlay_strength=&#8220;0.3&#8243; column_border_width=&#8220;none&#8220; column_border_style=&#8220;solid&#8220; bg_image_animation=&#8220;none&#8220;][split_line_heading animation_type=&#8220;default&#8220;]\n<h1>Privatklinik St. Anna: Ihre 360-Grad-Klinik in Meran<\/h1>\n[\/split_line_heading][vc_raw_html]JTNDYSUyMGhyZWYlM0QlMjIlMjNpbmZvcm1hemlvbmklMjIlM0UlMEElMDklMDklMDklMDklMDklMDklMDklMDklMDklM0MlMjEtLSUzRnhtbCUyMHZlcnNpb24lM0QlMjIxLjAlMjIlMjBlbmNvZGluZyUzRCUyMnV0Zi04JTIyJTNGLS0lM0UlMEElMDklMDklMDklMDklMDklMDklMDklMDklMDklM0MlMjEtLSUyMEdlbmVyYXRvciUzQSUyMEFkb2JlJTIwSWxsdXN0cmF0b3IlMjAyMy4wLjQlMkMlMjBTVkclMjBFeHBvcnQlMjBQbHVnLUluJTIwLiUyMFNWRyUyMFZlcnNpb24lM0ElMjA2LjAwJTIwQnVpbGQlMjAwJTI5JTIwJTIwLS0lM0UlMEElMDklMDklMDklMDklMDklMDklMDklMDklMDklM0NzdmclMjB2ZXJzaW9uJTNEJTIyMS4xJTIyJTIwaWQlM0QlMjJmcmVjY2lhJTIyJTIweG1sbnMlM0QlMjJodHRwJTNBJTJGJTJGd3d3LnczLm9yZyUyRjIwMDAlMkZzdmclMjIlMjB4bWxucyUzQXhsaW5rJTNEJTIyaHR0cCUzQSUyRiUyRnd3dy53My5vcmclMkYxOTk5JTJGeGxpbmslMjIlMjB4JTNEJTIyMHB4JTIyJTIweSUzRCUyMjBweCUyMiUyMHZpZXdCb3glM0QlMjIwJTIwMCUyMDM3LjIlMjAxMDcuNiUyMiUyMHN0eWxlJTNEJTIyZW5hYmxlLWJhY2tncm91bmQlM0FuZXclMjAwJTIwMCUyMDM3LjIlMjAxMDcuNiUzQiUyMiUyMHhtbCUzQXNwYWNlJTNEJTIycHJlc2VydmUlMjIlM0UlMEElMDklMDklMDklMDklMDklMDklMDklMDklMDklMDklM0NzdHlsZSUyMHR5cGUlM0QlMjJ0ZXh0JTJGY3NzJTIyJTNFJTBBJTA5JTA5JTA5JTA5JTA5JTA5JTA5JTA5JTA5JTA5LnN0MCU3QmZpbGwlM0Fub25lJTNCc3Ryb2tlJTNBJTIzRkZGRkZGJTNCc3Ryb2tlLXdpZHRoJTNBMS41JTNCc3Ryb2tlLW1pdGVybGltaXQlM0ExMCUzQiU3RCUwQSUwOSUwOSUwOSUwOSUwOSUwOSUwOSUwOSUwOSUwOSUzQyUyRnN0eWxlJTNFJTBBJTA5JTA5JTA5JTA5JTA5JTA5JTA5JTA5JTA5JTA5JTNDZyUzRSUwQSUwOSUwOSUwOSUwOSUwOSUwOSUwOSUwOSUwOSUwOSUwOSUzQ3BvbHlsaW5lJTIwY2xhc3MlM0QlMjJzdDAlMjIlMjBwb2ludHMlM0QlMjIxJTJDODguNSUyMDE4LjYlMkMxMDYuMSUyMDM2LjIlMkM4OC41JTIwJTA5JTIyJTNFJTNDJTJGcG9seWxpbmUlM0UlMEElMDklMDklMDklMDklMDklMDklMDklMDklMDklMDklMDklM0NsaW5lJTIwY2xhc3MlM0QlMjJzdDAlMjIlMjB4MSUzRCUyMjE4LjYlMjIlMjB5MSUzRCUyMjAuNSUyMiUyMHgyJTNEJTIyMTguNiUyMiUyMHkyJTNEJTIyMTA1LjUlMjIlM0UlM0MlMkZsaW5lJTNFJTBBJTA5JTA5JTA5JTA5JTA5JTA5JTA5JTA5JTA5JTA5JTNDJTJGZyUzRSUwQSUwOSUwOSUwOSUwOSUwOSUwOSUwOSUwOSUwOSUzQyUyRnN2ZyUzRSUwQSUwQSUwOSUwOSUwOSUwOSUwOSUwOSUwOSUwOSUzQyUyRmElM0U=[\/vc_raw_html][\/vc_column][vc_column column_padding=&#8220;no-extra-padding&#8220; column_padding_position=&#8220;all&#8220; background_color_opacity=&#8220;1&#8243; background_hover_color_opacity=&#8220;1&#8243; column_link_target=&#8220;_self&#8220; column_shadow=&#8220;none&#8220; column_border_radius=&#8220;none&#8220; width=&#8220;1\/2&#8243; tablet_width_inherit=&#8220;default&#8220; tablet_text_alignment=&#8220;default&#8220; phone_text_alignment=&#8220;default&#8220; overlay_strength=&#8220;0.3&#8243; column_border_width=&#8220;none&#8220; column_border_style=&#8220;solid&#8220; bg_image_animation=&#8220;none&#8220;][\/vc_column][\/vc_row][vc_row type=&#8220;in_container&#8220; full_screen_row_position=&#8220;middle&#8220; column_margin=&#8220;default&#8220; scene_position=&#8220;center&#8220; text_color=&#8220;dark&#8220; text_align=&#8220;left&#8220; top_padding=&#8220;5%&#8220; bottom_padding=&#8220;5%&#8220; id=&#8220;informazioni&#8220; overlay_strength=&#8220;0.3&#8243; shape_divider_position=&#8220;bottom&#8220; bg_image_animation=&#8220;none&#8220; shape_type=&#8220;&#8220;][vc_column column_padding=&#8220;no-extra-padding&#8220; column_padding_position=&#8220;all&#8220; background_color_opacity=&#8220;1&#8243; background_hover_color_opacity=&#8220;1&#8243; column_link_target=&#8220;_self&#8220; column_shadow=&#8220;none&#8220; column_border_radius=&#8220;none&#8220; width=&#8220;1\/1&#8243; tablet_width_inherit=&#8220;default&#8220; tablet_text_alignment=&#8220;default&#8220; phone_text_alignment=&#8220;default&#8220; overlay_strength=&#8220;0.3&#8243; column_border_width=&#8220;none&#8220; column_border_style=&#8220;solid&#8220; bg_image_animation=&#8220;none&#8220;][vc_row_inner column_margin=&#8220;default&#8220; text_align=&#8220;left&#8220;][vc_column_inner column_padding=&#8220;no-extra-padding&#8220; column_padding_position=&#8220;all&#8220; background_color_opacity=&#8220;1&#8243; background_hover_color_opacity=&#8220;1&#8243; column_shadow=&#8220;none&#8220; column_border_radius=&#8220;none&#8220; column_link_target=&#8220;_self&#8220; width=&#8220;2\/3&#8243; tablet_width_inherit=&#8220;default&#8220; overlay_strength=&#8220;0.3&#8243; column_border_width=&#8220;none&#8220; column_border_style=&#8220;solid&#8220; bg_image_animation=&#8220;none&#8220;][vc_column_text]\n<h2>In der Privatklinik St. Anna k\u00f6nnen Patienten auf eine Rundum-Versorgung z\u00e4hlen. Dank eines Diagnosezentrums, eines voll ausgestatteten Labors und einer Poliklinik<\/h2>\n[\/vc_column_text][\/vc_column_inner][vc_column_inner column_padding=&#8220;no-extra-padding&#8220; column_padding_position=&#8220;all&#8220; background_color_opacity=&#8220;1&#8243; background_hover_color_opacity=&#8220;1&#8243; column_shadow=&#8220;none&#8220; column_border_radius=&#8220;none&#8220; column_link_target=&#8220;_self&#8220; width=&#8220;1\/3&#8243; tablet_width_inherit=&#8220;default&#8220; overlay_strength=&#8220;0.3&#8243; column_border_width=&#8220;none&#8220; column_border_style=&#8220;solid&#8220; bg_image_animation=&#8220;none&#8220;][\/vc_column_inner][\/vc_row_inner][vc_row_inner column_margin=&#8220;default&#8220; text_align=&#8220;left&#8220;][vc_column_inner column_padding=&#8220;no-extra-padding&#8220; column_padding_position=&#8220;all&#8220; background_color_opacity=&#8220;1&#8243; background_hover_color_opacity=&#8220;1&#8243; column_shadow=&#8220;none&#8220; column_border_radius=&#8220;none&#8220; column_link_target=&#8220;_self&#8220; width=&#8220;1\/3&#8243; tablet_width_inherit=&#8220;default&#8220; overlay_strength=&#8220;0.3&#8243; column_border_width=&#8220;none&#8220; column_border_style=&#8220;solid&#8220; bg_image_animation=&#8220;none&#8220;][vc_column_text]Das Medizinzentrum ist eine der drei S\u00e4ulen der Privatklinik St. Anna. Hier finden sich ein radiologisches Diagnosezentrum, ein voll ausgestattetes Labor und vor allem eine Poliklinik mit erfahrenen Spezialisten aus den unterschiedlichsten Fachbereichen. [\/vc_column_text][\/vc_column_inner][vc_column_inner column_padding=&#8220;no-extra-padding&#8220; column_padding_position=&#8220;all&#8220; background_color_opacity=&#8220;1&#8243; background_hover_color_opacity=&#8220;1&#8243; column_shadow=&#8220;none&#8220; column_border_radius=&#8220;none&#8220; column_link_target=&#8220;_self&#8220; width=&#8220;1\/3&#8243; tablet_width_inherit=&#8220;default&#8220; overlay_strength=&#8220;0.3&#8243; column_border_width=&#8220;none&#8220; column_border_style=&#8220;solid&#8220; bg_image_animation=&#8220;none&#8220;][vc_column_text]Sie bieten eine breite Palette von Fachvisiten und medizinischen Leistungen an, privaten genauso wie konventionierten, die aus der Privatklinik St. Anna eine 360-Grad-Klinik machen.[\/vc_column_text][\/vc_column_inner][vc_column_inner column_padding=&#8220;no-extra-padding&#8220; column_padding_position=&#8220;all&#8220; background_color_opacity=&#8220;1&#8243; background_hover_color_opacity=&#8220;1&#8243; column_shadow=&#8220;none&#8220; column_border_radius=&#8220;none&#8220; column_link_target=&#8220;_self&#8220; width=&#8220;1\/3&#8243; tablet_width_inherit=&#8220;default&#8220; overlay_strength=&#8220;0.3&#8243; column_border_width=&#8220;none&#8220; column_border_style=&#8220;solid&#8220; bg_image_animation=&#8220;none&#8220;][\/vc_column_inner][\/vc_row_inner][\/vc_column][\/vc_row][vc_row type=&#8220;in_container&#8220; full_screen_row_position=&#8220;middle&#8220; column_margin=&#8220;default&#8220; bg_image=&#8220;665&#8243; bg_position=&#8220;left top&#8220; bg_repeat=&#8220;no-repeat&#8220; scene_position=&#8220;center&#8220; text_color=&#8220;dark&#8220; text_align=&#8220;left&#8220; overlay_strength=&#8220;0.3&#8243; shape_divider_position=&#8220;bottom&#8220; bg_image_animation=&#8220;none&#8220; shape_type=&#8220;&#8220;][vc_column column_padding=&#8220;no-extra-padding&#8220; column_padding_position=&#8220;all&#8220; background_color_opacity=&#8220;1&#8243; background_hover_color_opacity=&#8220;1&#8243; column_link_target=&#8220;_self&#8220; column_shadow=&#8220;none&#8220; column_border_radius=&#8220;none&#8220; width=&#8220;1\/1&#8243; tablet_width_inherit=&#8220;default&#8220; tablet_text_alignment=&#8220;default&#8220; phone_text_alignment=&#8220;default&#8220; overlay_strength=&#8220;0.3&#8243; column_border_width=&#8220;none&#8220; column_border_style=&#8220;solid&#8220; bg_image_animation=&#8220;none&#8220; column_link=&#8220;https:\/\/villa-santanna.eu\/de\/poliklinik-in-meran\/&#8220;][fancy_box box_style=&#8220;default&#8220; icon_family=&#8220;none&#8220; image_url=&#8220;1055&#8243; color=&#8220;accent-color&#8220; border_radius=&#8220;default&#8220; image_loading=&#8220;default&#8220; link_url=&#8220;https:\/\/villa-santanna.eu\/de\/poliklinik-in-meran\/&#8220; link_text=&#8220;Erfahren Sie mehr&#8220; min_height=&#8220;300&#8243;]\n<h2>Fachbereiche in der Poliklinik<\/h2>\n[\/fancy_box][\/vc_column][\/vc_row][vc_row type=&#8220;in_container&#8220; full_screen_row_position=&#8220;middle&#8220; column_margin=&#8220;default&#8220; scene_position=&#8220;center&#8220; text_color=&#8220;dark&#8220; text_align=&#8220;left&#8220; overlay_strength=&#8220;0.3&#8243; shape_divider_position=&#8220;bottom&#8220; bg_image_animation=&#8220;none&#8220;][vc_column column_padding=&#8220;no-extra-padding&#8220; column_padding_position=&#8220;all&#8220; background_color_opacity=&#8220;1&#8243; background_hover_color_opacity=&#8220;1&#8243; column_link_target=&#8220;_self&#8220; column_shadow=&#8220;none&#8220; column_border_radius=&#8220;none&#8220; width=&#8220;1\/2&#8243; tablet_width_inherit=&#8220;default&#8220; tablet_text_alignment=&#8220;default&#8220; phone_text_alignment=&#8220;default&#8220; overlay_strength=&#8220;0.3&#8243; column_border_width=&#8220;none&#8220; column_border_style=&#8220;solid&#8220; bg_image_animation=&#8220;none&#8220; column_link=&#8220;https:\/\/villa-santanna.eu\/de\/blutproben-in-meran\/&#8220;][fancy_box box_style=&#8220;default&#8220; icon_family=&#8220;none&#8220; image_url=&#8220;1146&#8243; color=&#8220;accent-color&#8220; border_radius=&#8220;default&#8220; image_loading=&#8220;default&#8220; link_url=&#8220;https:\/\/villa-santanna.eu\/de\/blutproben-in-meran\/&#8220; link_text=&#8220;Erfahren Sie mehr&#8220; min_height=&#8220;300&#8243;]\n<h2>Blutproben<\/h2>\n[\/fancy_box][\/vc_column][vc_column column_padding=&#8220;no-extra-padding&#8220; column_padding_position=&#8220;all&#8220; background_color_opacity=&#8220;1&#8243; background_hover_color_opacity=&#8220;1&#8243; column_link_target=&#8220;_self&#8220; column_shadow=&#8220;none&#8220; column_border_radius=&#8220;none&#8220; width=&#8220;1\/2&#8243; tablet_width_inherit=&#8220;default&#8220; tablet_text_alignment=&#8220;default&#8220; phone_text_alignment=&#8220;default&#8220; overlay_strength=&#8220;0.3&#8243; column_border_width=&#8220;none&#8220; column_border_style=&#8220;solid&#8220; bg_image_animation=&#8220;none&#8220; column_link=&#8220;https:\/\/villa-santanna.eu\/de\/specialita_ambulatoriali\/roentgen-meran\/&#8220;][fancy_box box_style=&#8220;default&#8220; icon_family=&#8220;none&#8220; image_url=&#8220;1039&#8243; color=&#8220;accent-color&#8220; border_radius=&#8220;default&#8220; image_loading=&#8220;default&#8220; link_url=&#8220;https:\/\/villa-santanna.eu\/de\/specialita_ambulatoriali\/roentgen-meran\/&#8220; link_text=&#8220;Erfahren Sie mehr&#8220; min_height=&#8220;300&#8243;]\n<h2>R\u00f6ntgenabteilung<\/h2>\n[\/fancy_box][\/vc_column][\/vc_row][vc_row type=&#8220;full_width_content&#8220; full_screen_row_position=&#8220;middle&#8220; equal_height=&#8220;yes&#8220; content_placement=&#8220;middle&#8220; vertically_center_columns=&#8220;true&#8220; column_margin=&#8220;default&#8220; scene_position=&#8220;center&#8220; text_color=&#8220;dark&#8220; text_align=&#8220;left&#8220; top_padding=&#8220;5%&#8220; bottom_padding=&#8220;5%&#8220; overlay_strength=&#8220;0.3&#8243; shape_divider_position=&#8220;bottom&#8220; bg_image_animation=&#8220;none&#8220; shape_type=&#8220;&#8220;][vc_column column_padding=&#8220;no-extra-padding&#8220; column_padding_position=&#8220;all&#8220; background_color_opacity=&#8220;1&#8243; background_hover_color_opacity=&#8220;1&#8243; column_link_target=&#8220;_self&#8220; column_shadow=&#8220;none&#8220; column_border_radius=&#8220;none&#8220; width=&#8220;2\/5&#8243; tablet_width_inherit=&#8220;default&#8220; tablet_text_alignment=&#8220;default&#8220; phone_text_alignment=&#8220;default&#8220; overlay_strength=&#8220;0.3&#8243; column_border_width=&#8220;none&#8220; column_border_style=&#8220;solid&#8220; bg_image_animation=&#8220;none&#8220;][image_with_animation image_url=&#8220;1503&#8243; alignment=&#8220;&#8220; animation=&#8220;Fade In&#8220; hover_animation=&#8220;none&#8220; border_radius=&#8220;none&#8220; box_shadow=&#8220;none&#8220; image_loading=&#8220;default&#8220; max_width=&#8220;100%&#8220; max_width_mobile=&#8220;default&#8220;][\/vc_column][vc_column column_padding=&#8220;padding-5-percent&#8220; column_padding_position=&#8220;all&#8220; background_color_opacity=&#8220;1&#8243; background_hover_color_opacity=&#8220;1&#8243; column_link_target=&#8220;_self&#8220; column_shadow=&#8220;none&#8220; column_border_radius=&#8220;none&#8220; width=&#8220;3\/5&#8243; tablet_width_inherit=&#8220;default&#8220; tablet_text_alignment=&#8220;default&#8220; phone_text_alignment=&#8220;default&#8220; overlay_strength=&#8220;0.3&#8243; column_border_width=&#8220;none&#8220; column_border_style=&#8220;solid&#8220; bg_image_animation=&#8220;none&#8220;][vc_column_text]\n<h2>Konventionierte Leistungen<\/h2>\n[\/vc_column_text][vc_column_text]In der Privatklinik St. Anna wird eine Reihe konventionierter Leistungen angeboten. Konventionen gibt es mit dem S\u00fcdtiroler Sanit\u00e4tsbetrieb ebenso wie mit verschiedensten Kranken- und privaten Zusatzversicherungsinstituten. Wollen Sie mehr dar\u00fcber wissen?[\/vc_column_text][nectar_horizontal_list_item columns=&#8220;1&#8243; col_1_text_align=&#8220;left&#8220; col_1_text_element=&#8220;p&#8220; font_family=&#8220;h3&#8243; hover_effect=&#8220;default&#8220; hover_color=&#8220;accent-color&#8220; col_1_content=&#8220;Konventionierte Leistungen&#8220; url=&#8220;https:\/\/villa-santanna.eu\/de\/konventionierten-leistungen\/&#8220;][nectar_horizontal_list_item columns=&#8220;1&#8243; col_1_text_align=&#8220;left&#8220; col_1_text_element=&#8220;p&#8220; font_family=&#8220;h3&#8243; hover_effect=&#8220;default&#8220; hover_color=&#8220;accent-color&#8220; col_1_content=&#8220;Versicherung&#8220; url=&#8220;https:\/\/villa-santanna.eu\/de\/versicherungen\/&#8220;][\/vc_column][\/vc_row][vc_row type=&#8220;full_width_background&#8220; full_screen_row_position=&#8220;middle&#8220; column_margin=&#8220;default&#8220; bg_color=&#8220;#f2f2f2&#8243; scene_position=&#8220;center&#8220; text_color=&#8220;dark&#8220; text_align=&#8220;left&#8220; top_padding=&#8220;5%&#8220; bottom_padding=&#8220;5%&#8220; id=&#8220;recent-posts&#8220; overlay_strength=&#8220;0.3&#8243; shape_divider_position=&#8220;bottom&#8220; bg_image_animation=&#8220;none&#8220; shape_type=&#8220;&#8220;][vc_column column_padding=&#8220;no-extra-padding&#8220; column_padding_position=&#8220;all&#8220; background_color_opacity=&#8220;1&#8243; background_hover_color_opacity=&#8220;1&#8243; column_link_target=&#8220;_self&#8220; column_shadow=&#8220;none&#8220; column_border_radius=&#8220;none&#8220; width=&#8220;1\/1&#8243; tablet_width_inherit=&#8220;default&#8220; tablet_text_alignment=&#8220;default&#8220; phone_text_alignment=&#8220;default&#8220; overlay_strength=&#8220;0.3&#8243; column_border_width=&#8220;none&#8220; column_border_style=&#8220;solid&#8220; bg_image_animation=&#8220;none&#8220;][split_line_heading animation_type=&#8220;default&#8220;]\n<h2 style=\"text-align: center;\">Entdecken Sie alle Neuigkeiten des chirurgischen Zentrums<\/h2>\n[\/split_line_heading][recent_posts style=&#8220;default&#8220; category=&#8220;&#8220; columns=&#8220;3&#8243; order=&#8220;DESC&#8220; orderby=&#8220;date&#8220; blog_remove_post_author=&#8220;true&#8220; blog_remove_post_comment_number=&#8220;true&#8220; posts_per_page=&#8220;3&#8243; post_offset=&#8220;0&#8243;][vc_row_inner column_margin=&#8220;default&#8220; text_align=&#8220;center&#8220;][vc_column_inner column_padding=&#8220;no-extra-padding&#8220; column_padding_position=&#8220;all&#8220; background_color_opacity=&#8220;1&#8243; background_hover_color_opacity=&#8220;1&#8243; column_shadow=&#8220;none&#8220; column_border_radius=&#8220;none&#8220; column_link_target=&#8220;_self&#8220; width=&#8220;1\/1&#8243; tablet_width_inherit=&#8220;default&#8220; overlay_strength=&#8220;0.3&#8243; column_border_width=&#8220;none&#8220; column_border_style=&#8220;solid&#8220; bg_image_animation=&#8220;none&#8220;][nectar_btn size=&#8220;large&#8220; button_style=&#8220;regular&#8220; button_color_2=&#8220;Accent-Color&#8220; icon_family=&#8220;none&#8220; url=&#8220;https:\/\/villa-santanna.eu\/de\/information-medizinzentrum\/&#8220; text=&#8220;ALLE ARTIKEL ANZEIGEN&#8220;][\/vc_column_inner][\/vc_row_inner][\/vc_column][\/vc_row]\n","protected":false},"excerpt":{"rendered":"<p>[vc_row type=&#8220;full_width_background&#8220; full_screen_row_position=&#8220;middle&#8220; column_margin=&#8220;default&#8220; bg_image=&#8220;265&#8243; bg_position=&#8220;left bottom&#8220; bg_repeat=&#8220;no-repeat&#8220; full_height=&#8220;yes&#8220; scene_position=&#8220;center&#8220; text_color=&#8220;light&#8220; text_align=&#8220;left&#8220; overlay_strength=&#8220;0.3&#8243; enable_shape_divider=&#8220;true&#8220; shape_divider_color=&#8220;#ffffff&#8220; shape_divider_position=&#8220;bottom&#8220; shape_divider_height=&#8220;150&#8243; shape_divider_bring_to_front=&#8220;true&#8220; bg_image_animation=&#8220;none&#8220; shape_type=&#8220;tilt_alt&#8220;][vc_column column_padding=&#8220;no-extra-padding&#8220; column_padding_position=&#8220;all&#8220; background_color_opacity=&#8220;1&#8243; background_hover_color_opacity=&#8220;1&#8243; column_link_target=&#8220;_self&#8220; column_shadow=&#8220;none&#8220; column_border_radius=&#8220;none&#8220; width=&#8220;1\/2&#8243; tablet_width_inherit=&#8220;default&#8220; tablet_text_alignment=&#8220;default&#8220; phone_text_alignment=&#8220;default&#8220; overlay_strength=&#8220;0.3&#8243;&#8230;<\/p>\n","protected":false},"author":8,"featured_media":0,"parent":0,"menu_order":0,"comment_status":"closed","ping_status":"closed","template":"","meta":{"_acf_changed":false,"footnotes":""},"class_list":["post-1412","page","type-page","status-publish"],"acf":[],"_links":{"self":[{"href":"https:\/\/villa-santanna.eu\/de\/wp-json\/wp\/v2\/pages\/1412","targetHints":{"allow":["GET"]}}],"collection":[{"href":"https:\/\/villa-santanna.eu\/de\/wp-json\/wp\/v2\/pages"}],"about":[{"href":"https:\/\/villa-santanna.eu\/de\/wp-json\/wp\/v2\/types\/page"}],"author":[{"embeddable":true,"href":"https:\/\/villa-santanna.eu\/de\/wp-json\/wp\/v2\/users\/8"}],"replies":[{"embeddable":true,"href":"https:\/\/villa-santanna.eu\/de\/wp-json\/wp\/v2\/comments?post=1412"}],"version-history":[{"count":0,"href":"https:\/\/villa-santanna.eu\/de\/wp-json\/wp\/v2\/pages\/1412\/revisions"}],"wp:attachment":[{"href":"https:\/\/villa-santanna.eu\/de\/wp-json\/wp\/v2\/media?parent=1412"}],"curies":[{"name":"wp","href":"https:\/\/api.w.org\/{rel}","templated":true}]}}