{"id":1404,"date":"2019-07-17T12:20:32","date_gmt":"2019-07-17T10:20:32","guid":{"rendered":"https:\/\/villa-santanna.eu\/modulistica\/"},"modified":"2026-03-13T08:41:26","modified_gmt":"2026-03-13T07:41:26","slug":"formulare-und-vordrucke","status":"publish","type":"page","link":"https:\/\/villa-santanna.eu\/de\/formulare-und-vordrucke\/","title":{"rendered":"Formulare und Vordrucke"},"content":{"rendered":"[vc_row type=&#8220;full_width_background&#8220; full_screen_row_position=&#8220;middle&#8220; column_margin=&#8220;default&#8220; column_direction=&#8220;default&#8220; column_direction_tablet=&#8220;default&#8220; column_direction_phone=&#8220;default&#8220; scene_position=&#8220;center&#8220; top_padding=&#8220;6%&#8220; bottom_padding=&#8220;6%&#8220; text_color=&#8220;dark&#8220; text_align=&#8220;left&#8220; row_border_radius=&#8220;none&#8220; row_border_radius_applies=&#8220;bg&#8220; row_position_desktop=&#8220;default&#8220; row_position_tablet=&#8220;inherit&#8220; row_position_phone=&#8220;inherit&#8220; overflow=&#8220;visible&#8220; overlay_strength=&#8220;0.3&#8243; gradient_direction=&#8220;left_to_right&#8220; shape_divider_position=&#8220;bottom&#8220; bg_image_animation=&#8220;none&#8220; shape_type=&#8220;&#8220;][vc_column column_padding=&#8220;no-extra-padding&#8220; column_padding_tablet=&#8220;inherit&#8220; column_padding_phone=&#8220;inherit&#8220; column_padding_position=&#8220;all&#8220; flex_gap_desktop=&#8220;10px&#8220; column_element_direction_desktop=&#8220;default&#8220; column_element_spacing=&#8220;default&#8220; desktop_text_alignment=&#8220;default&#8220; tablet_text_alignment=&#8220;default&#8220; phone_text_alignment=&#8220;default&#8220; background_color_opacity=&#8220;1&#8243; background_hover_color_opacity=&#8220;1&#8243; column_backdrop_filter=&#8220;none&#8220; column_shadow=&#8220;none&#8220; column_border_radius=&#8220;none&#8220; column_link_target=&#8220;_self&#8220; column_position=&#8220;default&#8220; gradient_direction=&#8220;left_to_right&#8220; overlay_strength=&#8220;0.3&#8243; width=&#8220;1\/1&#8243; tablet_width_inherit=&#8220;default&#8220; animation_type=&#8220;default&#8220; bg_image_animation=&#8220;none&#8220; border_type=&#8220;simple&#8220; column_border_width=&#8220;none&#8220; column_border_style=&#8220;solid&#8220;][vc_row_inner column_margin=&#8220;default&#8220; column_direction=&#8220;default&#8220; column_direction_tablet=&#8220;default&#8220; column_direction_phone=&#8220;default&#8220; text_align=&#8220;left&#8220; row_position=&#8220;default&#8220; row_position_tablet=&#8220;inherit&#8220; row_position_phone=&#8220;inherit&#8220; overflow=&#8220;visible&#8220; pointer_events=&#8220;all&#8220;][vc_column_inner column_padding=&#8220;no-extra-padding&#8220; column_padding_tablet=&#8220;inherit&#8220; column_padding_phone=&#8220;inherit&#8220; column_padding_position=&#8220;all&#8220; flex_gap_desktop=&#8220;10px&#8220; column_element_direction_desktop=&#8220;default&#8220; column_element_spacing=&#8220;default&#8220; centered_text=&#8220;true&#8220; desktop_text_alignment=&#8220;default&#8220; tablet_text_alignment=&#8220;default&#8220; phone_text_alignment=&#8220;default&#8220; background_color_opacity=&#8220;1&#8243; background_hover_color_opacity=&#8220;1&#8243; column_backdrop_filter=&#8220;none&#8220; column_shadow=&#8220;none&#8220; column_border_radius=&#8220;none&#8220; column_link_target=&#8220;_self&#8220; overflow=&#8220;visible&#8220; gradient_direction=&#8220;left_to_right&#8220; overlay_strength=&#8220;0.3&#8243; width=&#8220;1\/1&#8243; tablet_width_inherit=&#8220;default&#8220; animation_type=&#8220;default&#8220; bg_image_animation=&#8220;none&#8220; border_type=&#8220;simple&#8220; column_border_width=&#8220;none&#8220; column_border_style=&#8220;solid&#8220;][vc_column_text css=&#8220;.vc_custom_1567675659526{margin-bottom: 40px !important;}&#8220; max_width=&#8220;900&#8243;]\n<h1><strong>Formulare und Vordrucke<\/strong><\/h1>\n<h2 class=\"docData;DOCY;v5;1867;BQiAAgAAEYQCAAAGiAIAAANJAwAABVcDAAAAAAAAAAAAAAAAAAAAAAAAAAAAAAAAAAAAAAAAAAAAAAAAAAAAAAAAAAAAAAAAAAAAAAAAAAAAAAAAAAAAAAAAAAAAAAAAAAAAAAAAAAAAAAAAAAAAAAAAAAAAAAAAAAAAAAAAAAAAAAAAAAAAAAAAAAAAAAAAAAAAAAAAAAAAAAAAAAAAAAAAAAAAAAAAAAAAAAAAAAAAAAAAAAAAAAAAAAAAAAAAAAAAAAAAAAAAAAAAAAAAAAAAAAAAAAAAAAAAAAAAAAAAAAAAAAAAAAAAAAAAAAAAAAAAAAAAAAAAAAAAAAAAAAAAAAAAAAAAAAAAAAAAAAAAAAAAAAAAAAAAAAAAAAAAAAAAAAAAAAAAAAAAAAAAAAAAAAAAAAAAAAAAAAAAAAAAAAAAAAAAAAAAAAAAAAAAAAAAAAAAAAAAAAAAAAAAAAAAAAAAAAAAAAAAAAAAAAAAAAAAAAAAAAAAAAAAAAAAAAAAAAAAAAAAAAAAAAAAAAAAAAAAAAAAAAAAAAAAAAAAAAAAAAAAAAAAAAAAAAAAAAAAAAAAAAAAAAAAAAAAAAAAAAAAAAAAAAAAAAAAAAAAAAAAAAAAAAAAAAAAAAAAAAAAAAAAAAAAAAAAAAAAAAAAAAAAAAAAAAAAAAAAAAAAAAAAAAAAAAAAAAAAAAAAAAAAAAAAAAAAAAAAAAAAAAAAAAAAAAAAAAAAAAAAAAAAAAAAAAAAAAAAAAAAAAAAAAAAAAAAAAAAAAAAAAAAAAAAAAAAAAAAAAAAAAAAAAAAAAAAAAAAAAAAAAAAAAAAAAAAAAAAAAAAAAAAAAAAAAAAAAAAAAAAvQAAAAC4AAAAASQAAAAVBgYAAAAxADYAOAABBgAAAAAJBgAAAAAaBgAAAAAbBgAAAAACigAAAAVnAAAAAQAAAAAIXQAAAABYAAAAUwBjAGEAcgBpAGMAYQAgAGkAIABtAG8AZAB1AGwAaQAgAGUAIABsAGUAIABpAG4AZgBvAHIAbQBhAHQAaQB2AGUAIABuAGUAYwBlAHMAcwBhAHIAaQAgAAUKAAAAAQAAAAAIAAAAAAUKAAAAAQAAAAAIAAAAAAoAAAAAAAAAABEAAAAA8AMAAADcAAAAAAEAAQYSAAAAJAQAAAAAJQQAAAAAJgQAAAAABQEBBgEABwEACAEACQYbAAAAJwTwAAAACwEBHAEAKAQAAAAAHQEAKQQAAAAADgYIAAAAAAEBAQP\/\/\/8ZAQEbBn0AAAAAFAAAAAADAAAABQQAAAAABgQEAAAAAwEAARQAAAAAAwAAAAUEAAAAAAYEBAAAAAMBAAIUAAAAAAMAAAAFBAAAAAAGBAQAAAADAQADFAAAAAADAAAABQQAAAAABgQEAAAAAwEACxQAAAAAAwAAAAUEAAAAAAYEBAAAAAMBAAHOAAAAAAEAAQEAAgEAAwEABAYeAAAAVABpAG0AZQBzACAATgBlAHcAIABSAG8AbQBhAG4ABQYKAAAAQQByAGkAYQBsAAcGCgAAAEEAcgBpAGEAbAAGBgoAAABBAHIAaQBhAGwACAQUAAAACgEADAEAJgQAAAAADwEAEAEAEQEAJwQAAAAAFAEAFQEAFgQWAAAAFwEAGAEAGQYKAAAAZQBuAC0AVQBTABoGCgAAAGUAbgAtAFUAUwAbBgoAAABlAG4ALQBVAFMAHAYCAAAAAAAeAQACNwIAAAAyAgAAAQYAAAAxADYAOAACGAAAAEgAZQBhAGQAaQBuAGcAXwAyADAAXwAyAAkBAAAAAwMGAAAAMQA2ADEABAYAAAAxADYAMgAFAgEAAAABAQEBAAIBAAMBAAQGHgAAAEwAaQBiAGUAcgBhAHQAaQBvAG4AIABTAGEAbgBzAAUGHgAAAEwAaQBiAGUAcgBhAHQAaQBvAG4AIABTAGEAbgBzAAcGFgAAAEwAdQBjAGkAZABhACAAUwBhAG4AcwAGBh4AAABNAGkAYwByAG8AcwBvAGYAdAAgAFkAYQBIAGUAaQAIBCAAAAAKAQAMAQAmBAAAAAAPAQAQAQARAQAnBAAAAAAUAQEVAQAWBCAAAAAXAQAYAQAZBgoAAABpAHQALQBJAFQAGgYKAAAAaABpAC0ASQBOABsGCgAAAHoAaAAtAEMATgAcBgIAAAAAAB4BAAbcAAAAAAEAAQYSAAAAJAQAAAAAJQQAAAAAJgQAAAAABQEBBgEABwEBCAEACQYbAAAAJwTwAAAACwEBHAEAKATIAAAAHQEAKQR4AAAADgYIAAAAAAEBAQP\/\/\/8ZAQEbBn0AAAAAFAAAAAADAAAABQQAAAAABgQEAAAAAwEAARQAAAAAAwAAAAUEAAAAAAYEBAAAAAMBAAIUAAAAAAMAAAAFBAAAAAAGBAQAAAADAQADFAAAAAADAAAABQQAAAAABgQEAAAAAwEACxQAAAAAAwAAAAUEAAAAAAYEBAAAAAMBABMBAAAAAQ==\"><strong>Hier gibt\u2019s Formulare und Informationen zum Download<\/strong><\/h2>\n<p class=\"docData;DOCY;v5;2252;BQiAAgAAEYQCAAAGiAIAAAPbBAAABekEAAAAAAAAAAAAAAAAAAAAAAAAAAAAAAAAAAAAAAAAAAAAAAAAAAAAAAAAAAAAAAAAAAAAAAAAAAAAAAAAAAAAAAAAAAAAAAAAAAAAAAAAAAAAAAAAAAAAAAAAAAAAAAAAAAAAAAAAAAAAAAAAAAAAAAAAAAAAAAAAAAAAAAAAAAAAAAAAAAAAAAAAAAAAAAAAAAAAAAAAAAAAAAAAAAAAAAAAAAAAAAAAAAAAAAAAAAAAAAAAAAAAAAAAAAAAAAAAAAAAAAAAAAAAAAAAAAAAAAAAAAAAAAAAAAAAAAAAAAAAAAAAAAAAAAAAAAAAAAAAAAAAAAAAAAAAAAAAAAAAAAAAAAAAAAAAAAAAAAAAAAAAAAAAAAAAAAAAAAAAAAAAAAAAAAAAAAAAAAAAAAAAAAAAAAAAAAAAAAAAAAAAAAAAAAAAAAAAAAAAAAAAAAAAAAAAAAAAAAAAAAAAAAAAAAAAAAAAAAAAAAAAAAAAAAAAAAAAAAAAAAAAAAAAAAAAAAAAAAAAAAAAAAAAAAAAAAAAAAAAAAAAAAAAAAAAAAAAAAAAAAAAAAAAAAAAAAAAAAAAAAAAAAAAAAAAAAAAAAAAAAAAAAAAAAAAAAAAAAAAAAAAAAAAAAAAAAAAAAAAAAAAAAAAAAAAAAAAAAAAAAAAAAAAAAAAAAAAAAAAAAAAAAAAAAAAAAAAAAAAAAAAAAAAAAAAAAAAAAAAAAAAAAAAAAAAAAAAAAAAAAAAAAAAAAAAAAAAAAAAAAAAAAAAAAAAAAAAAAAAAAAAAAAAAAAAAAAAAAAAAAAAAAAAAAAAAAAAAAAAAAAAAAAAAAAATwIAAABKAgAAASQAAAAVBgYAAAAxADYAMgABBgAAAAAJBgAAAAAaBgAAAAAbBgAAAAACHAIAAAX5AQAAAQAAAAAI7wEAAADqAQAASQBuACAAcQB1AGUAcwB0AGEAIABzAGUAegBpAG8AbgBlACAAcwBvAG4AbwAgAGQAaQBzAHAAbwBuAGkAYgBpAGwAaQAgAGQAaQB2AGUAcgBzAGkAIABtAG8AZAB1AGwAaQAgAGMAaABlACAAcAB1AG8AaQAgAHMAYwBhAHIAaQBjAGEAcgBlACAAZQAgAGMAbwBtAHAAaQBsAGEAcgBlACAAYQB1AHQAbwBuAG8AbQBhAG0AZQBuAHQAZQAuACAASQBuACAAcABhAHIAdABpAGMAbwBsAGEAcgBlACAAcAB1AG8AaQAgAHQAcgBvAHYAYQByAGUAIABpACAAbQBvAGQAdQBsAG8AIABwAGUAcgAgAGkAbAAgAGMAbwBuAHMAZQBuAHMAbwAgAGkAbgBmAG8AcgBtAGEAdABvACAAZABpACAAYQBsAGMAdQBuAGkAIABlAHMAYQBtAGkAIABkAGkAYQBnAG4AbwBzAHQAaQBjAGkAIABlACAAcQB1AGUAbABsAGkAIABwAGUAcgAgAGwAYQAgAHAAcgBlAHAAYQByAGEAegBpAG8AbgBlACAAZABpACAAYQBsAGMAdQBuAGUAIAB0AGkAcABvAGwAbwBnAGkAZQAgAGQAaQAgAGUAcwBhAG0AaQAuAAUKAAAAAQAAAAAIAAAAAAUKAAAAAQAAAAAIAAAAAAoAAAAAAAAAABEAAAAA3wMAAADcAAAAAAEAAQYSAAAAJAQAAAAAJQQAAAAAJgQAAAAABQEBBgEABwEACAEACQYbAAAAJwTwAAAACwEBHAEAKAQAAAAAHQEAKQQAAAAADgYIAAAAAAEBAQP\/\/\/8ZAQEbBn0AAAAAFAAAAAADAAAABQQAAAAABgQEAAAAAwEAARQAAAAAAwAAAAUEAAAAAAYEBAAAAAMBAAIUAAAAAAMAAAAFBAAAAAAGBAQAAAADAQADFAAAAAADAAAABQQAAAAABgQEAAAAAwEACxQAAAAAAwAAAAUEAAAAAAYEBAAAAAMBAAHOAAAAAAEAAQEAAgEAAwEABAYeAAAAVABpAG0AZQBzACAATgBlAHcAIABSAG8AbQBhAG4ABQYKAAAAQQByAGkAYQBsAAcGCgAAAEEAcgBpAGEAbAAGBgoAAABBAHIAaQBhAGwACAQUAAAACgEADAEAJgQAAAAADwEAEAEAEQEAJwQAAAAAFAEAFQEAFgQWAAAAFwEAGAEAGQYKAAAAZQBuAC0AVQBTABoGCgAAAGUAbgAtAFUAUwAbBgoAAABlAG4ALQBVAFMAHAYCAAAAAAAeAQACJgIAAAAhAgAAAQYAAAAxADYAMgACGAAAAFQAZQB4AHQAXwAyADAAXwBiAG8AZAB5AAkBAAAAAwMGAAAAMQA2ADAABfwAAAAAAQABAQACAQADAQAEBh4AAABUAGkAbQBlAHMAIABOAGUAdwAgAFIAbwBtAGEAbgAFBh4AAABUAGkAbQBlAHMAIABOAGUAdwAgAFIAbwBtAGEAbgAHBiIAAAAnAFQAaQBtAGUAcwAgAE4AZQB3ACAAUgBvAG0AYQBuACcABgYMAAAAUwBpAG0AUwB1AG4ACAQYAAAACgEADAEAJgQAAAAADwEAEAEAEQEAJwQAAAAAFAEAFQEAFgQYAAAAFwEAGAEAGQYKAAAAaQB0AC0ASQBUABoGCgAAAGgAaQAtAEkATgAbBgoAAAB6AGgALQBDAE4AHAYCAAAAAAAeAQAG3AAAAAABAAEGEgAAACQEAAAAACUEAAAAACYEAAAAAAUBAQYBAAcBAAgBAAkGGwAAACcEaAEAAAsBARwBACgEAAAAAB0BACkEjAAAAA4GCAAAAAABAQED\/\/\/\/GQEBGwZ9AAAAABQAAAAAAwAAAAUEAAAAAAYEBAAAAAMBAAEUAAAAAAMAAAAFBAAAAAAGBAQAAAADAQACFAAAAAADAAAABQQAAAAABgQEAAAAAwEAAxQAAAAAAwAAAAUEAAAAAAYEBAAAAAMBAAsUAAAAAAMAAAAFBAAAAAAGBAQAAAADAQATAQAAAAE=\">Hier finden Sie eine ganze Reihe von Formularen, die Sie selbst\u00e4ndig ausf\u00fcllen k\u00f6nnen. So gibt es etwa das Formular, mit dem Sie Ihr Einverst\u00e4ndnis zu bestimmten Untersuchungen erkl\u00e4ren. Und auch die Informationen, die im Vorfeld einer Untersuchung notwendig sind, bekommen Sie hier.<\/p>\n[\/vc_column_text][\/vc_column_inner][\/vc_row_inner][nectar_horizontal_list_item columns=&#8220;2&#8243; column_layout_using_2_columns=&#8220;xlarge_first&#8220; responsive_display=&#8220;stacked&#8220; col_1_text_align=&#8220;left&#8220; col_2_text_align=&#8220;right&#8220; col_1_text_element=&#8220;p&#8220; col_2_text_element=&#8220;p&#8220; cta_2_open_new_tab=&#8220;true&#8220; font_family=&#8220;h5&#8243; open_new_tab=&#8220;true&#8220; hover_effect=&#8220;default&#8220; hover_color=&#8220;accent-color&#8220; icon_family=&#8220;none&#8220; icon_size=&#8220;regular&#8220; col_1_content=&#8220;Informationen &#8211; Privatklinik&#8220; cta_2_text=&#8220;DOWNLOAD&#8220; cta_2_url=&#8220;https:\/\/villa-santanna.eu\/wp-content\/uploads\/2019\/07\/Modulo_per_lesercizio_dei_diritti.docx&#8220; url=&#8220;https:\/\/villa-santanna.eu\/wp-content\/uploads\/2019\/12\/Casa-di-Cura-_Informativa_TED.pdf&#8220;][nectar_horizontal_list_item columns=&#8220;2&#8243; column_layout_using_2_columns=&#8220;xlarge_first&#8220; responsive_display=&#8220;stacked&#8220; col_1_text_align=&#8220;left&#8220; col_2_text_align=&#8220;right&#8220; col_1_text_element=&#8220;p&#8220; col_2_text_element=&#8220;p&#8220; cta_2_open_new_tab=&#8220;true&#8220; font_family=&#8220;h5&#8243; open_new_tab=&#8220;true&#8220; hover_effect=&#8220;default&#8220; hover_color=&#8220;accent-color&#8220; icon_family=&#8220;none&#8220; icon_size=&#8220;regular&#8220; col_1_content=&#8220;Informationen &#8211; Chirurgie Zentrum&#8220; cta_2_text=&#8220;DOWNLOAD&#8220; cta_2_url=&#8220;https:\/\/villa-santanna.eu\/wp-content\/uploads\/2019\/07\/Modulo_per_lesercizio_dei_diritti.docx&#8220; url=&#8220;https:\/\/villa-santanna.eu\/wp-content\/uploads\/2019\/12\/Centro-di-Chirurgia-Informativa-_TED.pdf&#8220;][nectar_horizontal_list_item columns=&#8220;2&#8243; column_layout_using_2_columns=&#8220;xlarge_first&#8220; responsive_display=&#8220;stacked&#8220; col_1_text_align=&#8220;left&#8220; col_2_text_align=&#8220;right&#8220; col_1_text_element=&#8220;p&#8220; col_2_text_element=&#8220;p&#8220; cta_2_open_new_tab=&#8220;true&#8220; font_family=&#8220;h5&#8243; open_new_tab=&#8220;true&#8220; hover_effect=&#8220;default&#8220; hover_color=&#8220;accent-color&#8220; icon_family=&#8220;none&#8220; icon_size=&#8220;regular&#8220; col_1_content=&#8220;Informationsschreiben zum Datenschutz&#8220; cta_2_text=&#8220;DOWNLOAD&#8220; cta_2_url=&#8220;https:\/\/villa-santanna.eu\/wp-content\/uploads\/2019\/07\/Modulo_per_lesercizio_dei_diritti.docx&#8220; url=&#8220;https:\/\/villa-santanna.eu\/wp-content\/uploads\/2020\/04\/Modulo_per_lesercizio_dei_diritti_DE.pdf&#8220;][nectar_horizontal_list_item columns=&#8220;2&#8243; column_layout_using_2_columns=&#8220;xlarge_first&#8220; responsive_display=&#8220;stacked&#8220; col_1_text_align=&#8220;left&#8220; col_2_text_align=&#8220;right&#8220; col_1_text_element=&#8220;p&#8220; col_2_text_element=&#8220;p&#8220; cta_2_open_new_tab=&#8220;true&#8220; font_family=&#8220;h5&#8243; open_new_tab=&#8220;true&#8220; hover_effect=&#8220;default&#8220; hover_color=&#8220;accent-color&#8220; icon_family=&#8220;none&#8220; icon_size=&#8220;regular&#8220; col_1_content=&#8220;Informationen zur MRT-Untersuchung&#8220; cta_2_text=&#8220;DOWNLOAD&#8220; cta_2_url=&#8220;https:\/\/villa-santanna.eu\/wp-content\/uploads\/2019\/07\/Modulo_informativo_esame_RM_SantAnna.docx&#8220; url=&#8220;\/_moduli\/Informationen%20zur%20MRT-Untersuchung.pdf&#8220;][nectar_horizontal_list_item columns=&#8220;2&#8243; column_layout_using_2_columns=&#8220;xlarge_first&#8220; responsive_display=&#8220;stacked&#8220; col_1_text_align=&#8220;left&#8220; col_2_text_align=&#8220;right&#8220; col_1_text_element=&#8220;p&#8220; col_2_text_element=&#8220;p&#8220; cta_2_open_new_tab=&#8220;true&#8220; font_family=&#8220;h5&#8243; open_new_tab=&#8220;true&#8220; hover_effect=&#8220;default&#8220; hover_color=&#8220;accent-color&#8220; icon_family=&#8220;none&#8220; icon_size=&#8220;regular&#8220; col_1_content=&#8220;Anamnese-Fragebogen f\u00fcr MRT-Untersuchungen&#8220; cta_2_text=&#8220;DOWNLOAD&#8220; cta_2_url=&#8220;https:\/\/villa-santanna.eu\/wp-content\/uploads\/2019\/07\/Modulo_anamnestico_RM_SantAnna_2019.docx&#8220; url=&#8220;https:\/\/villa-santanna.eu\/wp-content\/uploads\/2020\/03\/questionario_anamnestico_RM_DE.pdf&#8220;][nectar_horizontal_list_item columns=&#8220;2&#8243; column_layout_using_2_columns=&#8220;xlarge_first&#8220; responsive_display=&#8220;stacked&#8220; col_1_text_align=&#8220;left&#8220; col_2_text_align=&#8220;right&#8220; col_1_text_element=&#8220;p&#8220; col_2_text_element=&#8220;p&#8220; cta_2_open_new_tab=&#8220;true&#8220; font_family=&#8220;h5&#8243; open_new_tab=&#8220;true&#8220; hover_effect=&#8220;default&#8220; hover_color=&#8220;accent-color&#8220; icon_family=&#8220;none&#8220; icon_size=&#8220;regular&#8220; col_1_content=&#8220;Informationen zur Kolonskopie&#8220; cta_2_text=&#8220;DOWNLOAD&#8220; cta_2_url=&#8220;https:\/\/villa-santanna.eu\/wp-content\/uploads\/2019\/07\/Modulo_anamnestico_RM_SantAnna_2019.docx&#8220; url=&#8220;\/_moduli\/Koloskopie_Vorbereitung_DE_12.03.2026.pdf&#8220;][nectar_horizontal_list_item columns=&#8220;2&#8243; column_layout_using_2_columns=&#8220;xlarge_first&#8220; responsive_display=&#8220;stacked&#8220; col_1_text_align=&#8220;left&#8220; col_2_text_align=&#8220;right&#8220; col_1_text_element=&#8220;p&#8220; col_2_text_element=&#8220;p&#8220; cta_2_open_new_tab=&#8220;true&#8220; font_family=&#8220;h5&#8243; open_new_tab=&#8220;true&#8220; hover_effect=&#8220;default&#8220; hover_color=&#8220;accent-color&#8220; icon_family=&#8220;none&#8220; icon_size=&#8220;regular&#8220; col_1_content=&#8220;Einverst\u00e4ndniserkl\u00e4rung zur Koloskopie&#8220; cta_2_text=&#8220;DOWNLOAD&#8220; cta_2_url=&#8220;https:\/\/villa-santanna.eu\/wp-content\/uploads\/2019\/07\/Modulo_anamnestico_RM_SantAnna_2019.docx&#8220; url=&#8220;https:\/\/villa-santanna.eu\/wp-content\/uploads\/2020\/03\/Informativa_Colon_Consenso_DE.pdf&#8220;][nectar_horizontal_list_item columns=&#8220;2&#8243; column_layout_using_2_columns=&#8220;xlarge_first&#8220; responsive_display=&#8220;stacked&#8220; col_1_text_align=&#8220;left&#8220; col_2_text_align=&#8220;right&#8220; col_1_text_element=&#8220;p&#8220; col_2_text_element=&#8220;p&#8220; cta_2_open_new_tab=&#8220;true&#8220; font_family=&#8220;h5&#8243; open_new_tab=&#8220;true&#8220; hover_effect=&#8220;default&#8220; hover_color=&#8220;accent-color&#8220; icon_family=&#8220;none&#8220; icon_size=&#8220;regular&#8220; col_1_content=&#8220;Einverst\u00e4ndniserkl\u00e4rung zur Gastroskopie&#8220; cta_2_text=&#8220;DOWNLOAD&#8220; cta_2_url=&#8220;https:\/\/villa-santanna.eu\/wp-content\/uploads\/2019\/07\/Modulo_anamnestico_RM_SantAnna_2019.docx&#8220; url=&#8220;https:\/\/villa-santanna.eu\/wp-content\/uploads\/2020\/03\/Informativa_Consenso_Gastro_DE.pdf&#8220;][nectar_horizontal_list_item columns=&#8220;2&#8243; column_layout_using_2_columns=&#8220;xlarge_first&#8220; responsive_display=&#8220;stacked&#8220; col_1_text_align=&#8220;left&#8220; col_2_text_align=&#8220;right&#8220; col_1_text_element=&#8220;p&#8220; col_2_text_element=&#8220;p&#8220; cta_2_open_new_tab=&#8220;true&#8220; font_family=&#8220;h5&#8243; open_new_tab=&#8220;true&#8220; hover_effect=&#8220;default&#8220; hover_color=&#8220;accent-color&#8220; icon_family=&#8220;none&#8220; icon_size=&#8220;regular&#8220; col_1_content=&#8220;Informationen zur Untersuchungen in tiefer Sedierung&#8220; cta_2_text=&#8220;DOWNLOAD&#8220; cta_2_url=&#8220;https:\/\/villa-santanna.eu\/wp-content\/uploads\/2019\/07\/Modulo_anamnestico_RM_SantAnna_2019.docx&#8220; url=&#8220;https:\/\/villa-santanna.eu\/_moduli\/Casa di Cura Sant&#8217;Anna_Esami endoscopici in sedazione profonda_it_de.pdf&#8220;][nectar_horizontal_list_item columns=&#8220;2&#8243; column_layout_using_2_columns=&#8220;xlarge_first&#8220; responsive_display=&#8220;stacked&#8220; col_1_text_align=&#8220;left&#8220; col_2_text_align=&#8220;right&#8220; col_1_text_element=&#8220;p&#8220; col_2_text_element=&#8220;p&#8220; cta_2_open_new_tab=&#8220;true&#8220; font_family=&#8220;h5&#8243; open_new_tab=&#8220;true&#8220; hover_effect=&#8220;default&#8220; hover_color=&#8220;accent-color&#8220; icon_family=&#8220;none&#8220; icon_size=&#8220;regular&#8220; col_1_content=&#8220;Anamnese-Fragebogen f\u00fcr sportmedizinische Untersuchungen&#8220; cta_2_text=&#8220;DOWNLOAD&#8220; cta_2_url=&#8220;https:\/\/villa-santanna.eu\/wp-content\/uploads\/2019\/07\/Modulo_anamnestico_RM_SantAnna_2019.docx&#8220; url=&#8220;https:\/\/villa-santanna.eu\/wp-content\/uploads\/2020\/03\/Med_Sport_Anamnesi_DE.pdf&#8220;][nectar_horizontal_list_item columns=&#8220;2&#8243; column_layout_using_2_columns=&#8220;xlarge_first&#8220; responsive_display=&#8220;stacked&#8220; col_1_text_align=&#8220;left&#8220; col_2_text_align=&#8220;right&#8220; col_1_text_element=&#8220;p&#8220; col_2_text_element=&#8220;p&#8220; cta_2_open_new_tab=&#8220;true&#8220; font_family=&#8220;h5&#8243; open_new_tab=&#8220;true&#8220; hover_effect=&#8220;default&#8220; hover_color=&#8220;accent-color&#8220; icon_family=&#8220;none&#8220; icon_size=&#8220;regular&#8220; col_1_content=&#8220;Informationsschreiben zur Erhebung und zum Schutz personenbezogener Daten&#8220; cta_2_text=&#8220;DOWNLOAD&#8220; cta_2_url=&#8220;https:\/\/villa-santanna.eu\/wp-content\/uploads\/2019\/07\/Modulo_anamnestico_RM_SantAnna_2019.docx&#8220; url=&#8220;https:\/\/villa-santanna.eu\/wp-content\/uploads\/2020\/03\/informativa_trattamento_dati_DE.pdf&#8220;][nectar_horizontal_list_item columns=&#8220;2&#8243; column_layout_using_2_columns=&#8220;xlarge_first&#8220; responsive_display=&#8220;stacked&#8220; col_1_text_align=&#8220;left&#8220; col_2_text_align=&#8220;right&#8220; col_1_text_element=&#8220;p&#8220; col_2_text_element=&#8220;p&#8220; cta_2_open_new_tab=&#8220;true&#8220; font_family=&#8220;h5&#8243; open_new_tab=&#8220;true&#8220; hover_effect=&#8220;default&#8220; hover_color=&#8220;accent-color&#8220; icon_family=&#8220;none&#8220; icon_size=&#8220;regular&#8220; col_1_content=&#8220;\u00dcberpr\u00fcfungsformular CDC&#8220; cta_2_text=&#8220;DOWNLOAD&#8220; cta_2_url=&#8220;https:\/\/villa-santanna.eu\/wp-content\/uploads\/2019\/07\/Modulo_anamnestico_RM_SantAnna_2019.docx&#8220; url=&#8220;https:\/\/villa-santanna.eu\/wp-content\/uploads\/2020\/03\/Modulo_recensioni_CDC_DE.pdf&#8220;][nectar_horizontal_list_item columns=&#8220;2&#8243; column_layout_using_2_columns=&#8220;xlarge_first&#8220; responsive_display=&#8220;stacked&#8220; col_1_text_align=&#8220;left&#8220; col_2_text_align=&#8220;right&#8220; col_1_text_element=&#8220;p&#8220; col_2_text_element=&#8220;p&#8220; cta_2_open_new_tab=&#8220;true&#8220; font_family=&#8220;h5&#8243; open_new_tab=&#8220;true&#8220; hover_effect=&#8220;default&#8220; hover_color=&#8220;accent-color&#8220; icon_family=&#8220;none&#8220; icon_size=&#8220;regular&#8220; col_1_content=&#8220;Abholformular Kopie Krankengeschichte &#8211; Privatklinik&#8220; cta_2_text=&#8220;DOWNLOAD&#8220; cta_2_url=&#8220;https:\/\/villa-santanna.eu\/wp-content\/uploads\/2019\/07\/Modulo_per_lesercizio_dei_diritti.docx&#8220; url=&#8220;\/_moduli\/St.%20Anna_Richiesta%20copia%20cartella%20clinica_Casa%20di%20Cura_bilingue.docx&#8220;][nectar_horizontal_list_item columns=&#8220;2&#8243; column_layout_using_2_columns=&#8220;xlarge_first&#8220; responsive_display=&#8220;stacked&#8220; col_1_text_align=&#8220;left&#8220; col_2_text_align=&#8220;right&#8220; col_1_text_element=&#8220;p&#8220; col_2_text_element=&#8220;p&#8220; cta_2_open_new_tab=&#8220;true&#8220; font_family=&#8220;h5&#8243; open_new_tab=&#8220;true&#8220; hover_effect=&#8220;default&#8220; hover_color=&#8220;accent-color&#8220; icon_family=&#8220;none&#8220; icon_size=&#8220;regular&#8220; col_1_content=&#8220;Abholformular Kopie Krankengeschichte &#8211; Chirurgie Zentrum&#8220; cta_2_text=&#8220;DOWNLOAD&#8220; cta_2_url=&#8220;https:\/\/villa-santanna.eu\/wp-content\/uploads\/2019\/07\/Modulo_per_lesercizio_dei_diritti.docx&#8220; url=&#8220;\/_moduli\/St.%20Anna_Richiesta%20copia%20cartella%20clinica_Centro%20Chirurgico_bilingue.docx&#8220;][nectar_horizontal_list_item columns=&#8220;2&#8243; column_layout_using_2_columns=&#8220;xlarge_first&#8220; responsive_display=&#8220;stacked&#8220; col_1_text_align=&#8220;left&#8220; col_2_text_align=&#8220;right&#8220; col_1_text_element=&#8220;p&#8220; col_2_text_element=&#8220;p&#8220; cta_2_open_new_tab=&#8220;true&#8220; font_family=&#8220;h5&#8243; open_new_tab=&#8220;true&#8220; hover_effect=&#8220;default&#8220; hover_color=&#8220;accent-color&#8220; icon_family=&#8220;none&#8220; icon_size=&#8220;regular&#8220; col_1_content=&#8220;Informationen zur virtuellen CT-Koloskopie&#8220; cta_2_text=&#8220;DOWNLOAD&#8220; cta_2_url=&#8220;https:\/\/villa-santanna.eu\/wp-content\/uploads\/2019\/07\/Modulo_per_lesercizio_dei_diritti.docx&#8220; url=&#8220;https:\/\/villa-santanna.eu\/PDF\/St.%20Anna%20%20Formular%20Vorbereitung%20auf%20die%20virtuelle%20Koloskopie%2006.2024.pdf&#8220;][\/vc_column][\/vc_row]\n","protected":false},"excerpt":{"rendered":"<p>[vc_row type=&#8220;full_width_background&#8220; full_screen_row_position=&#8220;middle&#8220; column_margin=&#8220;default&#8220; column_direction=&#8220;default&#8220; column_direction_tablet=&#8220;default&#8220; column_direction_phone=&#8220;default&#8220; scene_position=&#8220;center&#8220; top_padding=&#8220;6%&#8220; bottom_padding=&#8220;6%&#8220; text_color=&#8220;dark&#8220; text_align=&#8220;left&#8220; row_border_radius=&#8220;none&#8220; row_border_radius_applies=&#8220;bg&#8220; row_position_desktop=&#8220;default&#8220; row_position_tablet=&#8220;inherit&#8220; row_position_phone=&#8220;inherit&#8220; overflow=&#8220;visible&#8220; overlay_strength=&#8220;0.3&#8243; gradient_direction=&#8220;left_to_right&#8220; shape_divider_position=&#8220;bottom&#8220; bg_image_animation=&#8220;none&#8220; shape_type=&#8220;&#8220;][vc_column column_padding=&#8220;no-extra-padding&#8220; column_padding_tablet=&#8220;inherit&#8220; column_padding_phone=&#8220;inherit&#8220; column_padding_position=&#8220;all&#8220; flex_gap_desktop=&#8220;10px&#8220; column_element_direction_desktop=&#8220;default&#8220; column_element_spacing=&#8220;default&#8220; desktop_text_alignment=&#8220;default&#8220; tablet_text_alignment=&#8220;default&#8220;&#8230;<\/p>\n","protected":false},"author":8,"featured_media":0,"parent":0,"menu_order":0,"comment_status":"closed","ping_status":"closed","template":"","meta":{"_acf_changed":false,"footnotes":""},"class_list":["post-1404","page","type-page","status-publish"],"acf":[],"_links":{"self":[{"href":"https:\/\/villa-santanna.eu\/de\/wp-json\/wp\/v2\/pages\/1404","targetHints":{"allow":["GET"]}}],"collection":[{"href":"https:\/\/villa-santanna.eu\/de\/wp-json\/wp\/v2\/pages"}],"about":[{"href":"https:\/\/villa-santanna.eu\/de\/wp-json\/wp\/v2\/types\/page"}],"author":[{"embeddable":true,"href":"https:\/\/villa-santanna.eu\/de\/wp-json\/wp\/v2\/users\/8"}],"replies":[{"embeddable":true,"href":"https:\/\/villa-santanna.eu\/de\/wp-json\/wp\/v2\/comments?post=1404"}],"version-history":[{"count":1,"href":"https:\/\/villa-santanna.eu\/de\/wp-json\/wp\/v2\/pages\/1404\/revisions"}],"predecessor-version":[{"id":7477,"href":"https:\/\/villa-santanna.eu\/de\/wp-json\/wp\/v2\/pages\/1404\/revisions\/7477"}],"wp:attachment":[{"href":"https:\/\/villa-santanna.eu\/de\/wp-json\/wp\/v2\/media?parent=1404"}],"curies":[{"name":"wp","href":"https:\/\/api.w.org\/{rel}","templated":true}]}}